{"id":113,"date":"2016-10-04T14:03:38","date_gmt":"2016-10-04T18:03:38","guid":{"rendered":"http:\/\/cfea.flywheelsites.com\/wp\/fr\/services\/"},"modified":"2025-08-04T06:18:08","modified_gmt":"2025-08-04T10:18:08","slug":"services","status":"publish","type":"page","link":"https:\/\/www.cfea.com\/fr\/services\/","title":{"rendered":"Services"},"content":{"rendered":"<h3>l&#8217;ACEA offre le suivre \u00e0 ses membres:<\/h3>\n<h2>Publicit\u00e9<\/h2>\n<p><strong>Coordination de salons professionnels<\/strong> &#8211;\u00a0nous organisons la participation \u00e0 une vari\u00e9t\u00e9 d&#8217;\u00e9v\u00e9nements \u00e0 travers le monde.\u00a0Exposer lors de salons professionnels ou participer \u00e0 des missions avec l&#8217;ACEA est le moyen le plus rentable de faire des affaires. En tant que membre de l&#8217;ACEA vous b\u00e9n\u00e9ficierez d&#8217;un tarif r\u00e9duit sur l&#8217;exp\u00e9dition, le voyage et ferez gagner du temps \u00e0 votre personnel.<\/p>\n<p><strong>D\u00e9veloppement de missions professionnelles<\/strong> &#8211; nous organisons des missions professionnelles entrantes et sortantes de diff\u00e9rents types &#8211; sur rendez-vous, expositions sur table et d\u00e9monstrations en magasin &#8211; dans ces march\u00e9s pour lesquels nos membres nous disent avoir un grand int\u00e9r\u00eat. Notre objectif est d&#8217;organiser au moins trois missions par an.<\/p>\n<p><strong>R\u00e8glements techniques<\/strong> &#8211; nous vous fournissons l&#8217;aide ou vous dirigeons vers de l&#8217;aide dont vous avez besoin pour respecter les r\u00e8glements techniques de tous types dans les diff\u00e9rents march\u00e9s que vous voulez desservir.<\/p>\n<p><strong>Documents d&#8217;exportation<\/strong> &#8211; l\u2019ACEA offrira le service interne de notaire pour votre documentation d&#8217;exportation, telle que le certificat de la free vente.<\/p>\n<h2>Services d&#8217;information<\/h2>\n<p><strong>Central Information Clearinghouse<\/strong> pour des renseignements donn\u00e9s au bon moment, des informations sur le march\u00e9 mondial, de l&#8217;aide \u00e0 l&#8217;exportation et les opportunit\u00e9s de missions et salons professionnels.<\/p>\n<p><strong>R\u00e9seau d&#8217;information qui fourni<\/strong> des contacts cl\u00e9s \u00e0 l&#8217;exportation tels que des acheteurs, des courtiers, des distributeurs, et des dirigeants commerciaux.<\/p>\n<p><strong>R\u00e9pertoire des membres<\/strong>, pour la distribution aux membres et aux acheteurs potentiels, sur papier et en ligne (en ligne inclut un lien direct vers votre site internet).<\/p>\n<p><strong>Informations \u00e9lectroniques de l&#8217;ACEA<\/strong> pour vous garder inform\u00e9 sur une base hebdomadaire des nouvelles et de l&#8217;intelligence du march\u00e9, des tendances du secteur d&#8217;activit\u00e9 et des \u00e9v\u00e9nements ACEA.<\/p>\n","protected":false},"excerpt":{"rendered":"<p>l&#8217;ACEA offre le suivre \u00e0 ses membres: Publicit\u00e9 Coordination de salons professionnels &#8211;\u00a0nous organisons la participation \u00e0 une vari\u00e9t\u00e9 d&#8217;\u00e9v\u00e9nements \u00e0 travers le monde.\u00a0Exposer lors de salons professionnels ou participer \u00e0 des missions avec l&#8217;ACEA est le moyen le plus rentable de faire des affaires. En tant que membre de l&#8217;ACEA vous b\u00e9n\u00e9ficierez d&#8217;un tarif [&hellip;]<\/p>\n","protected":false},"author":1,"featured_media":66962,"parent":0,"menu_order":26,"comment_status":"closed","ping_status":"closed","template":"cfea-template.php","meta":{"_acf_changed":false,"footnotes":""},"class_list":["post-113","page","type-page","status-publish","has-post-thumbnail","hentry"],"acf":[],"yoast_head":"<!-- This site is optimized with the Yoast SEO plugin v27.4 - https:\/\/yoast.com\/product\/yoast-seo-wordpress\/ -->\n<title>Services - l\u2019Association canadienne des exportateurs \u00e0 l\u2019alimentation<\/title>\n<meta name=\"robots\" content=\"index, follow, max-snippet:-1, max-image-preview:large, max-video-preview:-1\" \/>\n<link rel=\"canonical\" href=\"https:\/\/www.cfea.com\/fr\/services\/\" \/>\n<meta property=\"og:locale\" content=\"fr_FR\" \/>\n<meta property=\"og:type\" content=\"article\" \/>\n<meta property=\"og:title\" content=\"Services - l\u2019Association canadienne des exportateurs \u00e0 l\u2019alimentation\" \/>\n<meta property=\"og:description\" content=\"l&#8217;ACEA offre le suivre \u00e0 ses membres: Publicit\u00e9 Coordination de salons professionnels &#8211;\u00a0nous organisons la participation \u00e0 une vari\u00e9t\u00e9 d&#8217;\u00e9v\u00e9nements \u00e0 travers le monde.\u00a0Exposer lors de salons professionnels ou participer \u00e0 des missions avec l&#8217;ACEA est le moyen le plus rentable de faire des affaires. En tant que membre de l&#8217;ACEA vous b\u00e9n\u00e9ficierez d&#8217;un tarif [&hellip;]\" \/>\n<meta property=\"og:url\" content=\"https:\/\/www.cfea.com\/fr\/services\/\" \/>\n<meta property=\"og:site_name\" content=\"l\u2019Association canadienne des exportateurs \u00e0 l\u2019alimentation\" \/>\n<meta property=\"article:publisher\" content=\"https:\/\/www.facebook.com\/canadianfoodexportersassociation\" \/>\n<meta property=\"article:modified_time\" content=\"2025-08-04T10:18:08+00:00\" \/>\n<meta property=\"og:image\" content=\"https:\/\/www.cfea.com\/wp-content\/uploads\/soybeanfield.jpg\" \/>\n\t<meta property=\"og:image:width\" content=\"1900\" \/>\n\t<meta property=\"og:image:height\" content=\"1070\" \/>\n\t<meta property=\"og:image:type\" content=\"image\/jpeg\" \/>\n<meta name=\"twitter:card\" content=\"summary_large_image\" \/>\n<meta name=\"twitter:site\" content=\"@cfea\" \/>\n<meta name=\"twitter:label1\" content=\"Dur\u00e9e de lecture estim\u00e9e\" \/>\n\t<meta name=\"twitter:data1\" content=\"2 minutes\" \/>\n<script type=\"application\/ld+json\" class=\"yoast-schema-graph\">{\"@context\":\"https:\\\/\\\/schema.org\",\"@graph\":[{\"@type\":\"WebPage\",\"@id\":\"https:\\\/\\\/www.cfea.com\\\/fr\\\/services\\\/\",\"url\":\"https:\\\/\\\/www.cfea.com\\\/fr\\\/services\\\/\",\"name\":\"Services - l\u2019Association canadienne des exportateurs \u00e0 l\u2019alimentation\",\"isPartOf\":{\"@id\":\"https:\\\/\\\/www.cfea.com\\\/#website\"},\"primaryImageOfPage\":{\"@id\":\"https:\\\/\\\/www.cfea.com\\\/fr\\\/services\\\/#primaryimage\"},\"image\":{\"@id\":\"https:\\\/\\\/www.cfea.com\\\/fr\\\/services\\\/#primaryimage\"},\"thumbnailUrl\":\"https:\\\/\\\/www.cfea.com\\\/wp-content\\\/uploads\\\/soybeanfield.jpg\",\"datePublished\":\"2016-10-04T18:03:38+00:00\",\"dateModified\":\"2025-08-04T10:18:08+00:00\",\"breadcrumb\":{\"@id\":\"https:\\\/\\\/www.cfea.com\\\/fr\\\/services\\\/#breadcrumb\"},\"inLanguage\":\"fr-FR\",\"potentialAction\":[{\"@type\":\"ReadAction\",\"target\":[\"https:\\\/\\\/www.cfea.com\\\/fr\\\/services\\\/\"]}]},{\"@type\":\"ImageObject\",\"inLanguage\":\"fr-FR\",\"@id\":\"https:\\\/\\\/www.cfea.com\\\/fr\\\/services\\\/#primaryimage\",\"url\":\"https:\\\/\\\/www.cfea.com\\\/wp-content\\\/uploads\\\/soybeanfield.jpg\",\"contentUrl\":\"https:\\\/\\\/www.cfea.com\\\/wp-content\\\/uploads\\\/soybeanfield.jpg\",\"width\":1900,\"height\":1070},{\"@type\":\"BreadcrumbList\",\"@id\":\"https:\\\/\\\/www.cfea.com\\\/fr\\\/services\\\/#breadcrumb\",\"itemListElement\":[{\"@type\":\"ListItem\",\"position\":1,\"name\":\"Accueil\",\"item\":\"https:\\\/\\\/www.cfea.com\\\/fr\\\/\"},{\"@type\":\"ListItem\",\"position\":2,\"name\":\"Services\"}]},{\"@type\":\"WebSite\",\"@id\":\"https:\\\/\\\/www.cfea.com\\\/#website\",\"url\":\"https:\\\/\\\/www.cfea.com\\\/\",\"name\":\"Canadian Food Exporters Association (CFEA)\",\"description\":\"Your Gateway to the World!\",\"publisher\":{\"@id\":\"https:\\\/\\\/www.cfea.com\\\/#organization\"},\"potentialAction\":[{\"@type\":\"SearchAction\",\"target\":{\"@type\":\"EntryPoint\",\"urlTemplate\":\"https:\\\/\\\/www.cfea.com\\\/?s={search_term_string}\"},\"query-input\":{\"@type\":\"PropertyValueSpecification\",\"valueRequired\":true,\"valueName\":\"search_term_string\"}}],\"inLanguage\":\"fr-FR\"},{\"@type\":\"Organization\",\"@id\":\"https:\\\/\\\/www.cfea.com\\\/#organization\",\"name\":\"Canadian Food Exporters Association\",\"url\":\"https:\\\/\\\/www.cfea.com\\\/\",\"logo\":{\"@type\":\"ImageObject\",\"inLanguage\":\"fr-FR\",\"@id\":\"https:\\\/\\\/www.cfea.com\\\/#\\\/schema\\\/logo\\\/image\\\/\",\"url\":\"https:\\\/\\\/www.cfea.com\\\/wp-content\\\/uploads\\\/cfea-logo-login.png\",\"contentUrl\":\"https:\\\/\\\/www.cfea.com\\\/wp-content\\\/uploads\\\/cfea-logo-login.png\",\"width\":320,\"height\":120,\"caption\":\"Canadian Food Exporters Association\"},\"image\":{\"@id\":\"https:\\\/\\\/www.cfea.com\\\/#\\\/schema\\\/logo\\\/image\\\/\"},\"sameAs\":[\"https:\\\/\\\/www.facebook.com\\\/canadianfoodexportersassociation\",\"https:\\\/\\\/x.com\\\/cfea\",\"https:\\\/\\\/www.instagram.com\\\/cfeacdn\\\/\",\"https:\\\/\\\/www.linkedin.com\\\/company\\\/cfeacdn\\\/\"]}]}<\/script>\n<!-- \/ Yoast SEO plugin. -->","yoast_head_json":{"title":"Services - l\u2019Association canadienne des exportateurs \u00e0 l\u2019alimentation","robots":{"index":"index","follow":"follow","max-snippet":"max-snippet:-1","max-image-preview":"max-image-preview:large","max-video-preview":"max-video-preview:-1"},"canonical":"https:\/\/www.cfea.com\/fr\/services\/","og_locale":"fr_FR","og_type":"article","og_title":"Services - l\u2019Association canadienne des exportateurs \u00e0 l\u2019alimentation","og_description":"l&#8217;ACEA offre le suivre \u00e0 ses membres: Publicit\u00e9 Coordination de salons professionnels &#8211;\u00a0nous organisons la participation \u00e0 une vari\u00e9t\u00e9 d&#8217;\u00e9v\u00e9nements \u00e0 travers le monde.\u00a0Exposer lors de salons professionnels ou participer \u00e0 des missions avec l&#8217;ACEA est le moyen le plus rentable de faire des affaires. En tant que membre de l&#8217;ACEA vous b\u00e9n\u00e9ficierez d&#8217;un tarif [&hellip;]","og_url":"https:\/\/www.cfea.com\/fr\/services\/","og_site_name":"l\u2019Association canadienne des exportateurs \u00e0 l\u2019alimentation","article_publisher":"https:\/\/www.facebook.com\/canadianfoodexportersassociation","article_modified_time":"2025-08-04T10:18:08+00:00","og_image":[{"width":1900,"height":1070,"url":"https:\/\/www.cfea.com\/wp-content\/uploads\/soybeanfield.jpg","type":"image\/jpeg"}],"twitter_card":"summary_large_image","twitter_site":"@cfea","twitter_misc":{"Dur\u00e9e de lecture estim\u00e9e":"2 minutes"},"schema":{"@context":"https:\/\/schema.org","@graph":[{"@type":"WebPage","@id":"https:\/\/www.cfea.com\/fr\/services\/","url":"https:\/\/www.cfea.com\/fr\/services\/","name":"Services - l\u2019Association canadienne des exportateurs \u00e0 l\u2019alimentation","isPartOf":{"@id":"https:\/\/www.cfea.com\/#website"},"primaryImageOfPage":{"@id":"https:\/\/www.cfea.com\/fr\/services\/#primaryimage"},"image":{"@id":"https:\/\/www.cfea.com\/fr\/services\/#primaryimage"},"thumbnailUrl":"https:\/\/www.cfea.com\/wp-content\/uploads\/soybeanfield.jpg","datePublished":"2016-10-04T18:03:38+00:00","dateModified":"2025-08-04T10:18:08+00:00","breadcrumb":{"@id":"https:\/\/www.cfea.com\/fr\/services\/#breadcrumb"},"inLanguage":"fr-FR","potentialAction":[{"@type":"ReadAction","target":["https:\/\/www.cfea.com\/fr\/services\/"]}]},{"@type":"ImageObject","inLanguage":"fr-FR","@id":"https:\/\/www.cfea.com\/fr\/services\/#primaryimage","url":"https:\/\/www.cfea.com\/wp-content\/uploads\/soybeanfield.jpg","contentUrl":"https:\/\/www.cfea.com\/wp-content\/uploads\/soybeanfield.jpg","width":1900,"height":1070},{"@type":"BreadcrumbList","@id":"https:\/\/www.cfea.com\/fr\/services\/#breadcrumb","itemListElement":[{"@type":"ListItem","position":1,"name":"Accueil","item":"https:\/\/www.cfea.com\/fr\/"},{"@type":"ListItem","position":2,"name":"Services"}]},{"@type":"WebSite","@id":"https:\/\/www.cfea.com\/#website","url":"https:\/\/www.cfea.com\/","name":"Canadian Food Exporters Association (CFEA)","description":"Your Gateway to the World!","publisher":{"@id":"https:\/\/www.cfea.com\/#organization"},"potentialAction":[{"@type":"SearchAction","target":{"@type":"EntryPoint","urlTemplate":"https:\/\/www.cfea.com\/?s={search_term_string}"},"query-input":{"@type":"PropertyValueSpecification","valueRequired":true,"valueName":"search_term_string"}}],"inLanguage":"fr-FR"},{"@type":"Organization","@id":"https:\/\/www.cfea.com\/#organization","name":"Canadian Food Exporters Association","url":"https:\/\/www.cfea.com\/","logo":{"@type":"ImageObject","inLanguage":"fr-FR","@id":"https:\/\/www.cfea.com\/#\/schema\/logo\/image\/","url":"https:\/\/www.cfea.com\/wp-content\/uploads\/cfea-logo-login.png","contentUrl":"https:\/\/www.cfea.com\/wp-content\/uploads\/cfea-logo-login.png","width":320,"height":120,"caption":"Canadian Food Exporters Association"},"image":{"@id":"https:\/\/www.cfea.com\/#\/schema\/logo\/image\/"},"sameAs":["https:\/\/www.facebook.com\/canadianfoodexportersassociation","https:\/\/x.com\/cfea","https:\/\/www.instagram.com\/cfeacdn\/","https:\/\/www.linkedin.com\/company\/cfeacdn\/"]}]}},"_links":{"self":[{"href":"https:\/\/www.cfea.com\/fr\/wp-json\/wp\/v2\/pages\/113","targetHints":{"allow":["GET"]}}],"collection":[{"href":"https:\/\/www.cfea.com\/fr\/wp-json\/wp\/v2\/pages"}],"about":[{"href":"https:\/\/www.cfea.com\/fr\/wp-json\/wp\/v2\/types\/page"}],"author":[{"embeddable":true,"href":"https:\/\/www.cfea.com\/fr\/wp-json\/wp\/v2\/users\/1"}],"replies":[{"embeddable":true,"href":"https:\/\/www.cfea.com\/fr\/wp-json\/wp\/v2\/comments?post=113"}],"version-history":[{"count":2,"href":"https:\/\/www.cfea.com\/fr\/wp-json\/wp\/v2\/pages\/113\/revisions"}],"predecessor-version":[{"id":168165,"href":"https:\/\/www.cfea.com\/fr\/wp-json\/wp\/v2\/pages\/113\/revisions\/168165"}],"wp:featuredmedia":[{"embeddable":true,"href":"https:\/\/www.cfea.com\/fr\/wp-json\/wp\/v2\/media\/66962"}],"wp:attachment":[{"href":"https:\/\/www.cfea.com\/fr\/wp-json\/wp\/v2\/media?parent=113"}],"curies":[{"name":"wp","href":"https:\/\/api.w.org\/{rel}","templated":true}]}}