{"id":114,"date":"2016-10-14T08:23:30","date_gmt":"2016-10-14T12:23:30","guid":{"rendered":"http:\/\/cfea.flywheelsites.com\/wp\/fr\/benefits\/"},"modified":"2025-08-04T06:16:22","modified_gmt":"2025-08-04T10:16:22","slug":"avantages","status":"publish","type":"page","link":"https:\/\/www.cfea.com\/fr\/avantages\/","title":{"rendered":"Avantages"},"content":{"rendered":"\n        <div class=\"cfea_benefit_wrapper\">\n                <!-- LEFT COLUMN -->\n                <div class=\"cfea_benefit_left\">\n                    <p class=\"cfea_benefit_intro\">\n                                            <\/p>\n\n                                            <div class=\"cfea_benefit_grid\">\n                                                            <div class=\"cfea_benefit_card\">\n                                                                            <img decoding=\"async\" src=\"https:\/\/www.cfea.com\/wp-content\/uploads\/Chambers-Shipping-Program-2.svg\" class=\"attachment-full size-full wp-post-image\" alt=\"Programme d\u2019exp\u00e9dition\" \/>                                                                        <div class=\"ben_content\">\n                                        <h4>Programme d\u2019exp\u00e9dition<\/h4>\n                                        <div class=\"content_description\">\n                                            <p>En partenariat avec Freightcom, nous offrons le programme d\u2019exp\u00e9dition Chambers qui permet aux membres de r\u00e9aliser des \u00e9conomies importantes sur les frais d\u2019exp\u00e9dition. Membres acc\u00e8de aux d\u00e9tails sur ce <a href=\"https:\/\/www.cfea.com\/members-only\/chambers-shipping-program\/\">lien<\/a>.<\/p>\n                                        <\/div>\n                                    <\/div>\n                                <\/div>\n                                                            <div class=\"cfea_benefit_card\">\n                                                                            <img decoding=\"async\" src=\"https:\/\/www.cfea.com\/wp-content\/uploads\/Online-Certification-2.svg\" class=\"attachment-full size-full wp-post-image\" alt=\"Certification en ligne\" \/>                                                                        <div class=\"ben_content\">\n                                        <h4>Certification en ligne<\/h4>\n                                        <div class=\"content_description\">\n                                            <p>En partenariat avec la Chambre de commerce du Canada, nous offrons les services de TradeCert Canada \u2013 une solution simple, s\u00e9curis\u00e9e et qui fait gagner du temps aux certificats d\u2019origine et aux documents ad hoc. Membres acc\u00e8de aux d\u00e9tails sur ce\u00a0<a href=\"https:\/\/cfea.com\/online-certification\/\" target=\"_blank\" rel=\"noopener noreferrer\">lien<\/a>.<\/p>\n                                        <\/div>\n                                    <\/div>\n                                <\/div>\n                                                            <div class=\"cfea_benefit_card\">\n                                                                            <img decoding=\"async\" src=\"https:\/\/www.cfea.com\/wp-content\/uploads\/ParkN-Fly-2.svg\" class=\"attachment-full size-full wp-post-image\" alt=\"Park\u2019N Fly\" \/>                                                                        <div class=\"ben_content\">\n                                        <h4>Park\u2019N Fly<\/h4>\n                                        <div class=\"content_description\">\n                                            <p>Nous avons sign\u00e9 un accord avec Park\u2019N Fly pour offrir aux membres des tarifs de stationnement r\u00e9duits \u00e0 l\u2019a\u00e9roport. Aucune r\u00e9servation requise, tout ce que vous avez \u00e0 faire est d\u2019aller dans l\u2019une de leurs 7 installations \u00e0 travers le pays et de simplement v\u00e9rifier avec le code de r\u00e9duction ACEA. Park-n-Fly offre d\u00e9sormais aux membres de l&#8217;ACEA des r\u00e9ductions exclusives chez Avis et Budget, ainsi que des surclassements gratuits. Rendez-vous dans l&#8217;espace r\u00e9serv\u00e9 aux membres pour plus d&#8217;informations.<\/p>\n                                        <\/div>\n                                    <\/div>\n                                <\/div>\n                                                            <div class=\"cfea_benefit_card\">\n                                                                            <img loading=\"lazy\" decoding=\"async\" width=\"48\" height=\"48\" src=\"https:\/\/www.cfea.com\/wp-content\/uploads\/tradeshow.webp\" class=\"attachment-full size-full wp-post-image\" alt=\"Salons professionnels\" \/>                                                                        <div class=\"ben_content\">\n                                        <h4>Salons professionnels<\/h4>\n                                        <div class=\"content_description\">\n                                            <p>Exposer lors de salons professionnels avec l\u2019ACEA est le moyen le plus rentable de faire des affaires. L\u2019ACEA organise un certain nombre de salons professionnels tous les ans partout dans le monde entier (Vente au d\u00e9tail, restauration, sp\u00e9cialit\u00e9 et marque de distributeur). En tant que membre de l\u2019ACEA, vous b\u00e9n\u00e9ficierez de tarifs r\u00e9duits sur l\u2019espace, l\u2019exp\u00e9dition, le voyage, et vous ferez gagner du temps \u00e0 votre personnel.<\/p>\n                                        <\/div>\n                                    <\/div>\n                                <\/div>\n                                                            <div class=\"cfea_benefit_card\">\n                                                                            <img loading=\"lazy\" decoding=\"async\" width=\"48\" height=\"48\" src=\"https:\/\/www.cfea.com\/wp-content\/uploads\/Market-Information.webp\" class=\"attachment-full size-full wp-post-image\" alt=\"Information sur le march\u00e9\" \/>                                                                        <div class=\"ben_content\">\n                                        <h4>Information sur le march\u00e9<\/h4>\n                                        <div class=\"content_description\">\n                                            <p>L\u2019ACEA fera des recherches sp\u00e9cifiques sur des march\u00e9s pour vous obtenir les informations dont vous avez besoin pour \u00e9valuer correctement le march\u00e9 qui vous int\u00e9resse.<\/p>\n                                        <\/div>\n                                    <\/div>\n                                <\/div>\n                                                            <div class=\"cfea_benefit_card\">\n                                                                            <img loading=\"lazy\" decoding=\"async\" width=\"48\" height=\"48\" src=\"https:\/\/www.cfea.com\/wp-content\/uploads\/Communication.webp\" class=\"attachment-full size-full wp-post-image\" alt=\"Communication\" \/>                                                                        <div class=\"ben_content\">\n                                        <h4>Communication<\/h4>\n                                        <div class=\"content_description\">\n                                            <p>Communication avec les membres au moyen de notre newsletter hebdomadaire \u00abExport Savvy\u00bb, ainsi que des courriers s\u00e9par\u00e9s de renseignements sur notre programme.<\/p>\n                                        <\/div>\n                                    <\/div>\n                                <\/div>\n                                                            <div class=\"cfea_benefit_card\">\n                                                                            <img loading=\"lazy\" decoding=\"async\" width=\"48\" height=\"48\" src=\"https:\/\/www.cfea.com\/wp-content\/uploads\/Advertising.webp\" class=\"attachment-full size-full wp-post-image\" alt=\"Publicit\u00e9\" \/>                                                                        <div class=\"ben_content\">\n                                        <h4>Publicit\u00e9<\/h4>\n                                        <div class=\"content_description\">\n                                            <p>Entr\u00e9e gratuite dans l\u2019annuaire publi\u00e9 par l\u2019ACEA.<\/p>\n                                        <\/div>\n                                    <\/div>\n                                <\/div>\n                                                            <div class=\"cfea_benefit_card\">\n                                                                            <img decoding=\"async\" src=\"https:\/\/www.cfea.com\/wp-content\/uploads\/Trade-Shows-2.svg\" class=\"attachment-full size-full wp-post-image\" alt=\"RangeMe Premium\" \/>                                                                        <div class=\"ben_content\">\n                                        <h4>RangeMe Premium<\/h4>\n                                        <div class=\"content_description\">\n                                            <p>Les membres de l&#8217;ACEA b\u00e9n\u00e9ficient d&#8217;une \u00e9conomie de 1 100 $ CA sur les comptes premium RangeMe.<\/p>\n                                        <\/div>\n                                    <\/div>\n                                <\/div>\n                                                                                <\/div>\n                                    <\/div>\n        <\/div>\n\n        \n","protected":false},"excerpt":{"rendered":"","protected":false},"author":1,"featured_media":65431,"parent":0,"menu_order":29,"comment_status":"closed","ping_status":"closed","template":"cfea-template.php","meta":{"_acf_changed":false,"footnotes":""},"class_list":["post-114","page","type-page","status-publish","has-post-thumbnail","hentry"],"acf":[],"yoast_head":"<!-- This site is optimized with the Yoast SEO plugin v27.3 - https:\/\/yoast.com\/product\/yoast-seo-wordpress\/ -->\n<title>Avantages - l\u2019Association canadienne des exportateurs \u00e0 l\u2019alimentation<\/title>\n<meta name=\"description\" content=\"The CFEA provides many benefits to members including advertising, trade shows, trade missions, seminars, doc certification to name a few.\" \/>\n<meta name=\"robots\" content=\"index, follow, max-snippet:-1, max-image-preview:large, max-video-preview:-1\" \/>\n<link rel=\"canonical\" href=\"https:\/\/www.cfea.com\/fr\/avantages\/\" \/>\n<meta property=\"og:locale\" content=\"fr_FR\" \/>\n<meta property=\"og:type\" content=\"article\" \/>\n<meta property=\"og:title\" content=\"Avantages - l\u2019Association canadienne des exportateurs \u00e0 l\u2019alimentation\" \/>\n<meta property=\"og:description\" content=\"The CFEA provides many benefits to members including advertising, trade shows, trade missions, seminars, doc certification to name a few.\" \/>\n<meta property=\"og:url\" content=\"https:\/\/www.cfea.com\/fr\/avantages\/\" \/>\n<meta property=\"og:site_name\" content=\"l\u2019Association canadienne des exportateurs \u00e0 l\u2019alimentation\" \/>\n<meta property=\"article:publisher\" content=\"https:\/\/www.facebook.com\/canadianfoodexportersassociation\" \/>\n<meta property=\"article:modified_time\" content=\"2025-08-04T10:16:22+00:00\" \/>\n<meta property=\"og:image\" content=\"https:\/\/www.cfea.com\/wp-content\/uploads\/cranberrybog.jpg\" \/>\n\t<meta property=\"og:image:width\" content=\"1900\" \/>\n\t<meta property=\"og:image:height\" content=\"1070\" \/>\n\t<meta property=\"og:image:type\" content=\"image\/jpeg\" \/>\n<meta name=\"twitter:card\" content=\"summary_large_image\" \/>\n<meta name=\"twitter:site\" content=\"@cfea\" \/>\n<meta name=\"twitter:label1\" content=\"Dur\u00e9e de lecture estim\u00e9e\" \/>\n\t<meta name=\"twitter:data1\" content=\"2 minutes\" \/>\n<script type=\"application\/ld+json\" class=\"yoast-schema-graph\">{\"@context\":\"https:\\\/\\\/schema.org\",\"@graph\":[{\"@type\":\"WebPage\",\"@id\":\"https:\\\/\\\/www.cfea.com\\\/fr\\\/avantages\\\/\",\"url\":\"https:\\\/\\\/www.cfea.com\\\/fr\\\/avantages\\\/\",\"name\":\"Avantages - l\u2019Association canadienne des exportateurs \u00e0 l\u2019alimentation\",\"isPartOf\":{\"@id\":\"https:\\\/\\\/www.cfea.com\\\/#website\"},\"primaryImageOfPage\":{\"@id\":\"https:\\\/\\\/www.cfea.com\\\/fr\\\/avantages\\\/#primaryimage\"},\"image\":{\"@id\":\"https:\\\/\\\/www.cfea.com\\\/fr\\\/avantages\\\/#primaryimage\"},\"thumbnailUrl\":\"https:\\\/\\\/www.cfea.com\\\/wp-content\\\/uploads\\\/cranberrybog.jpg\",\"datePublished\":\"2016-10-14T12:23:30+00:00\",\"dateModified\":\"2025-08-04T10:16:22+00:00\",\"description\":\"The CFEA provides many benefits to members including advertising, trade shows, trade missions, seminars, doc certification to name a few.\",\"breadcrumb\":{\"@id\":\"https:\\\/\\\/www.cfea.com\\\/fr\\\/avantages\\\/#breadcrumb\"},\"inLanguage\":\"fr-FR\",\"potentialAction\":[{\"@type\":\"ReadAction\",\"target\":[\"https:\\\/\\\/www.cfea.com\\\/fr\\\/avantages\\\/\"]}]},{\"@type\":\"ImageObject\",\"inLanguage\":\"fr-FR\",\"@id\":\"https:\\\/\\\/www.cfea.com\\\/fr\\\/avantages\\\/#primaryimage\",\"url\":\"https:\\\/\\\/www.cfea.com\\\/wp-content\\\/uploads\\\/cranberrybog.jpg\",\"contentUrl\":\"https:\\\/\\\/www.cfea.com\\\/wp-content\\\/uploads\\\/cranberrybog.jpg\",\"width\":1900,\"height\":1070},{\"@type\":\"BreadcrumbList\",\"@id\":\"https:\\\/\\\/www.cfea.com\\\/fr\\\/avantages\\\/#breadcrumb\",\"itemListElement\":[{\"@type\":\"ListItem\",\"position\":1,\"name\":\"Accueil\",\"item\":\"https:\\\/\\\/www.cfea.com\\\/fr\\\/\"},{\"@type\":\"ListItem\",\"position\":2,\"name\":\"Avantages\"}]},{\"@type\":\"WebSite\",\"@id\":\"https:\\\/\\\/www.cfea.com\\\/#website\",\"url\":\"https:\\\/\\\/www.cfea.com\\\/\",\"name\":\"Canadian Food Exporters Association (CFEA)\",\"description\":\"Your Gateway to the World!\",\"publisher\":{\"@id\":\"https:\\\/\\\/www.cfea.com\\\/#organization\"},\"potentialAction\":[{\"@type\":\"SearchAction\",\"target\":{\"@type\":\"EntryPoint\",\"urlTemplate\":\"https:\\\/\\\/www.cfea.com\\\/?s={search_term_string}\"},\"query-input\":{\"@type\":\"PropertyValueSpecification\",\"valueRequired\":true,\"valueName\":\"search_term_string\"}}],\"inLanguage\":\"fr-FR\"},{\"@type\":\"Organization\",\"@id\":\"https:\\\/\\\/www.cfea.com\\\/#organization\",\"name\":\"Canadian Food Exporters Association\",\"url\":\"https:\\\/\\\/www.cfea.com\\\/\",\"logo\":{\"@type\":\"ImageObject\",\"inLanguage\":\"fr-FR\",\"@id\":\"https:\\\/\\\/www.cfea.com\\\/#\\\/schema\\\/logo\\\/image\\\/\",\"url\":\"https:\\\/\\\/www.cfea.com\\\/wp-content\\\/uploads\\\/cfea-logo-login.png\",\"contentUrl\":\"https:\\\/\\\/www.cfea.com\\\/wp-content\\\/uploads\\\/cfea-logo-login.png\",\"width\":320,\"height\":120,\"caption\":\"Canadian Food Exporters Association\"},\"image\":{\"@id\":\"https:\\\/\\\/www.cfea.com\\\/#\\\/schema\\\/logo\\\/image\\\/\"},\"sameAs\":[\"https:\\\/\\\/www.facebook.com\\\/canadianfoodexportersassociation\",\"https:\\\/\\\/x.com\\\/cfea\",\"https:\\\/\\\/www.instagram.com\\\/cfeacdn\\\/\",\"https:\\\/\\\/www.linkedin.com\\\/company\\\/cfeacdn\\\/\"]}]}<\/script>\n<!-- \/ Yoast SEO plugin. -->","yoast_head_json":{"title":"Avantages - l\u2019Association canadienne des exportateurs \u00e0 l\u2019alimentation","description":"The CFEA provides many benefits to members including advertising, trade shows, trade missions, seminars, doc certification to name a few.","robots":{"index":"index","follow":"follow","max-snippet":"max-snippet:-1","max-image-preview":"max-image-preview:large","max-video-preview":"max-video-preview:-1"},"canonical":"https:\/\/www.cfea.com\/fr\/avantages\/","og_locale":"fr_FR","og_type":"article","og_title":"Avantages - l\u2019Association canadienne des exportateurs \u00e0 l\u2019alimentation","og_description":"The CFEA provides many benefits to members including advertising, trade shows, trade missions, seminars, doc certification to name a few.","og_url":"https:\/\/www.cfea.com\/fr\/avantages\/","og_site_name":"l\u2019Association canadienne des exportateurs \u00e0 l\u2019alimentation","article_publisher":"https:\/\/www.facebook.com\/canadianfoodexportersassociation","article_modified_time":"2025-08-04T10:16:22+00:00","og_image":[{"width":1900,"height":1070,"url":"https:\/\/www.cfea.com\/wp-content\/uploads\/cranberrybog.jpg","type":"image\/jpeg"}],"twitter_card":"summary_large_image","twitter_site":"@cfea","twitter_misc":{"Dur\u00e9e de lecture estim\u00e9e":"2 minutes"},"schema":{"@context":"https:\/\/schema.org","@graph":[{"@type":"WebPage","@id":"https:\/\/www.cfea.com\/fr\/avantages\/","url":"https:\/\/www.cfea.com\/fr\/avantages\/","name":"Avantages - l\u2019Association canadienne des exportateurs \u00e0 l\u2019alimentation","isPartOf":{"@id":"https:\/\/www.cfea.com\/#website"},"primaryImageOfPage":{"@id":"https:\/\/www.cfea.com\/fr\/avantages\/#primaryimage"},"image":{"@id":"https:\/\/www.cfea.com\/fr\/avantages\/#primaryimage"},"thumbnailUrl":"https:\/\/www.cfea.com\/wp-content\/uploads\/cranberrybog.jpg","datePublished":"2016-10-14T12:23:30+00:00","dateModified":"2025-08-04T10:16:22+00:00","description":"The CFEA provides many benefits to members including advertising, trade shows, trade missions, seminars, doc certification to name a few.","breadcrumb":{"@id":"https:\/\/www.cfea.com\/fr\/avantages\/#breadcrumb"},"inLanguage":"fr-FR","potentialAction":[{"@type":"ReadAction","target":["https:\/\/www.cfea.com\/fr\/avantages\/"]}]},{"@type":"ImageObject","inLanguage":"fr-FR","@id":"https:\/\/www.cfea.com\/fr\/avantages\/#primaryimage","url":"https:\/\/www.cfea.com\/wp-content\/uploads\/cranberrybog.jpg","contentUrl":"https:\/\/www.cfea.com\/wp-content\/uploads\/cranberrybog.jpg","width":1900,"height":1070},{"@type":"BreadcrumbList","@id":"https:\/\/www.cfea.com\/fr\/avantages\/#breadcrumb","itemListElement":[{"@type":"ListItem","position":1,"name":"Accueil","item":"https:\/\/www.cfea.com\/fr\/"},{"@type":"ListItem","position":2,"name":"Avantages"}]},{"@type":"WebSite","@id":"https:\/\/www.cfea.com\/#website","url":"https:\/\/www.cfea.com\/","name":"Canadian Food Exporters Association (CFEA)","description":"Your Gateway to the World!","publisher":{"@id":"https:\/\/www.cfea.com\/#organization"},"potentialAction":[{"@type":"SearchAction","target":{"@type":"EntryPoint","urlTemplate":"https:\/\/www.cfea.com\/?s={search_term_string}"},"query-input":{"@type":"PropertyValueSpecification","valueRequired":true,"valueName":"search_term_string"}}],"inLanguage":"fr-FR"},{"@type":"Organization","@id":"https:\/\/www.cfea.com\/#organization","name":"Canadian Food Exporters Association","url":"https:\/\/www.cfea.com\/","logo":{"@type":"ImageObject","inLanguage":"fr-FR","@id":"https:\/\/www.cfea.com\/#\/schema\/logo\/image\/","url":"https:\/\/www.cfea.com\/wp-content\/uploads\/cfea-logo-login.png","contentUrl":"https:\/\/www.cfea.com\/wp-content\/uploads\/cfea-logo-login.png","width":320,"height":120,"caption":"Canadian Food Exporters Association"},"image":{"@id":"https:\/\/www.cfea.com\/#\/schema\/logo\/image\/"},"sameAs":["https:\/\/www.facebook.com\/canadianfoodexportersassociation","https:\/\/x.com\/cfea","https:\/\/www.instagram.com\/cfeacdn\/","https:\/\/www.linkedin.com\/company\/cfeacdn\/"]}]}},"_links":{"self":[{"href":"https:\/\/www.cfea.com\/fr\/wp-json\/wp\/v2\/pages\/114","targetHints":{"allow":["GET"]}}],"collection":[{"href":"https:\/\/www.cfea.com\/fr\/wp-json\/wp\/v2\/pages"}],"about":[{"href":"https:\/\/www.cfea.com\/fr\/wp-json\/wp\/v2\/types\/page"}],"author":[{"embeddable":true,"href":"https:\/\/www.cfea.com\/fr\/wp-json\/wp\/v2\/users\/1"}],"replies":[{"embeddable":true,"href":"https:\/\/www.cfea.com\/fr\/wp-json\/wp\/v2\/comments?post=114"}],"version-history":[{"count":4,"href":"https:\/\/www.cfea.com\/fr\/wp-json\/wp\/v2\/pages\/114\/revisions"}],"predecessor-version":[{"id":168163,"href":"https:\/\/www.cfea.com\/fr\/wp-json\/wp\/v2\/pages\/114\/revisions\/168163"}],"wp:featuredmedia":[{"embeddable":true,"href":"https:\/\/www.cfea.com\/fr\/wp-json\/wp\/v2\/media\/65431"}],"wp:attachment":[{"href":"https:\/\/www.cfea.com\/fr\/wp-json\/wp\/v2\/media?parent=114"}],"curies":[{"name":"wp","href":"https:\/\/api.w.org\/{rel}","templated":true}]}}