{"id":116,"date":"2016-10-14T08:23:40","date_gmt":"2016-10-14T12:23:40","guid":{"rendered":"http:\/\/cfea.flywheelsites.com\/wp\/fr\/criteria\/"},"modified":"2018-09-13T19:48:54","modified_gmt":"2018-09-13T23:48:54","slug":"criteres","status":"publish","type":"page","link":"https:\/\/www.cfea.com\/fr\/criteres\/","title":{"rendered":"Crit\u00e8res"},"content":{"rendered":"<h3>Lisez ci-dessous pour d\u00e9terminer \u00e0 quelle cat\u00e9gorie de membres vous appartenez<\/h3>\n<p>&nbsp;<\/p>\n<h2>Exportateur<\/h2>\n<p>Toute soci\u00e9t\u00e9 canadienne sp\u00e9cialis\u00e9e dans la nourriture ou les boissons qui fabrique ou vend des produits canadiens \u00e0 valeur ajout\u00e9e et qui d\u00e9sire commencer \u00e0 faire de l&#8217;export, des ventes de march\u00e9 ou \u00e9tendre son activit\u00e9 d&#8217;exportation actuelle en ciblant de nouveaux march\u00e9s.<\/p>\n<h2>Affili\u00e9<\/h2>\n<p>les repr\u00e9sentants d\u00e9sign\u00e9s des minist\u00e8res ou des agences de la Couronne.<\/p>\n<h2>Associ\u00e9<\/h2>\n<p>Entreprises ou individus qui ne peuvent \u00eatre membres dans les autres cat\u00e9gories et qui fournissent des marchandises ou des services au secteur alimentaire.<\/p>\n","protected":false},"excerpt":{"rendered":"<p>Lisez ci-dessous pour d\u00e9terminer \u00e0 quelle cat\u00e9gorie de membres vous appartenez &nbsp; Exportateur Toute soci\u00e9t\u00e9 canadienne sp\u00e9cialis\u00e9e dans la nourriture ou les boissons qui fabrique ou vend des produits canadiens \u00e0 valeur ajout\u00e9e et qui d\u00e9sire commencer \u00e0 faire de l&#8217;export, des ventes de march\u00e9 ou \u00e9tendre son activit\u00e9 d&#8217;exportation actuelle en ciblant de nouveaux [&hellip;]<\/p>\n","protected":false},"author":1,"featured_media":85117,"parent":0,"menu_order":30,"comment_status":"closed","ping_status":"closed","template":"","meta":{"_acf_changed":false,"footnotes":""},"class_list":["post-116","page","type-page","status-publish","has-post-thumbnail","hentry"],"acf":[],"yoast_head":"<!-- This site is optimized with the Yoast SEO plugin v27.3 - https:\/\/yoast.com\/product\/yoast-seo-wordpress\/ -->\n<title>Crit\u00e8res - l\u2019Association canadienne des exportateurs \u00e0 l\u2019alimentation<\/title>\n<meta name=\"robots\" content=\"index, follow, max-snippet:-1, max-image-preview:large, max-video-preview:-1\" \/>\n<link rel=\"canonical\" href=\"https:\/\/www.cfea.com\/fr\/criteres\/\" \/>\n<meta property=\"og:locale\" content=\"fr_FR\" \/>\n<meta property=\"og:type\" content=\"article\" \/>\n<meta property=\"og:title\" content=\"Crit\u00e8res - l\u2019Association canadienne des exportateurs \u00e0 l\u2019alimentation\" \/>\n<meta property=\"og:description\" content=\"Lisez ci-dessous pour d\u00e9terminer \u00e0 quelle cat\u00e9gorie de membres vous appartenez &nbsp; Exportateur Toute soci\u00e9t\u00e9 canadienne sp\u00e9cialis\u00e9e dans la nourriture ou les boissons qui fabrique ou vend des produits canadiens \u00e0 valeur ajout\u00e9e et qui d\u00e9sire commencer \u00e0 faire de l&#8217;export, des ventes de march\u00e9 ou \u00e9tendre son activit\u00e9 d&#8217;exportation actuelle en ciblant de nouveaux [&hellip;]\" \/>\n<meta property=\"og:url\" content=\"https:\/\/www.cfea.com\/fr\/criteres\/\" \/>\n<meta property=\"og:site_name\" content=\"l\u2019Association canadienne des exportateurs \u00e0 l\u2019alimentation\" \/>\n<meta property=\"article:publisher\" content=\"https:\/\/www.facebook.com\/canadianfoodexportersassociation\" \/>\n<meta property=\"article:modified_time\" content=\"2018-09-13T23:48:54+00:00\" \/>\n<meta property=\"og:image\" content=\"https:\/\/www.cfea.com\/wp-content\/uploads\/peninsulavineyard.jpg\" \/>\n\t<meta property=\"og:image:width\" content=\"1900\" \/>\n\t<meta property=\"og:image:height\" content=\"1070\" \/>\n\t<meta property=\"og:image:type\" content=\"image\/jpeg\" \/>\n<meta name=\"twitter:card\" content=\"summary_large_image\" \/>\n<meta name=\"twitter:site\" content=\"@cfea\" \/>\n<meta name=\"twitter:label1\" content=\"Dur\u00e9e de lecture estim\u00e9e\" \/>\n\t<meta name=\"twitter:data1\" content=\"1 minute\" \/>\n<script type=\"application\/ld+json\" class=\"yoast-schema-graph\">{\"@context\":\"https:\\\/\\\/schema.org\",\"@graph\":[{\"@type\":\"WebPage\",\"@id\":\"https:\\\/\\\/www.cfea.com\\\/fr\\\/criteres\\\/\",\"url\":\"https:\\\/\\\/www.cfea.com\\\/fr\\\/criteres\\\/\",\"name\":\"Crit\u00e8res - l\u2019Association canadienne des exportateurs \u00e0 l\u2019alimentation\",\"isPartOf\":{\"@id\":\"https:\\\/\\\/www.cfea.com\\\/#website\"},\"primaryImageOfPage\":{\"@id\":\"https:\\\/\\\/www.cfea.com\\\/fr\\\/criteres\\\/#primaryimage\"},\"image\":{\"@id\":\"https:\\\/\\\/www.cfea.com\\\/fr\\\/criteres\\\/#primaryimage\"},\"thumbnailUrl\":\"https:\\\/\\\/www.cfea.com\\\/wp-content\\\/uploads\\\/peninsulavineyard.jpg\",\"datePublished\":\"2016-10-14T12:23:40+00:00\",\"dateModified\":\"2018-09-13T23:48:54+00:00\",\"breadcrumb\":{\"@id\":\"https:\\\/\\\/www.cfea.com\\\/fr\\\/criteres\\\/#breadcrumb\"},\"inLanguage\":\"fr-FR\",\"potentialAction\":[{\"@type\":\"ReadAction\",\"target\":[\"https:\\\/\\\/www.cfea.com\\\/fr\\\/criteres\\\/\"]}]},{\"@type\":\"ImageObject\",\"inLanguage\":\"fr-FR\",\"@id\":\"https:\\\/\\\/www.cfea.com\\\/fr\\\/criteres\\\/#primaryimage\",\"url\":\"https:\\\/\\\/www.cfea.com\\\/wp-content\\\/uploads\\\/peninsulavineyard.jpg\",\"contentUrl\":\"https:\\\/\\\/www.cfea.com\\\/wp-content\\\/uploads\\\/peninsulavineyard.jpg\",\"width\":1900,\"height\":1070},{\"@type\":\"BreadcrumbList\",\"@id\":\"https:\\\/\\\/www.cfea.com\\\/fr\\\/criteres\\\/#breadcrumb\",\"itemListElement\":[{\"@type\":\"ListItem\",\"position\":1,\"name\":\"Accueil\",\"item\":\"https:\\\/\\\/www.cfea.com\\\/fr\\\/\"},{\"@type\":\"ListItem\",\"position\":2,\"name\":\"Crit\u00e8res\"}]},{\"@type\":\"WebSite\",\"@id\":\"https:\\\/\\\/www.cfea.com\\\/#website\",\"url\":\"https:\\\/\\\/www.cfea.com\\\/\",\"name\":\"Canadian Food Exporters Association (CFEA)\",\"description\":\"Your Gateway to the World!\",\"publisher\":{\"@id\":\"https:\\\/\\\/www.cfea.com\\\/#organization\"},\"potentialAction\":[{\"@type\":\"SearchAction\",\"target\":{\"@type\":\"EntryPoint\",\"urlTemplate\":\"https:\\\/\\\/www.cfea.com\\\/?s={search_term_string}\"},\"query-input\":{\"@type\":\"PropertyValueSpecification\",\"valueRequired\":true,\"valueName\":\"search_term_string\"}}],\"inLanguage\":\"fr-FR\"},{\"@type\":\"Organization\",\"@id\":\"https:\\\/\\\/www.cfea.com\\\/#organization\",\"name\":\"Canadian Food Exporters Association\",\"url\":\"https:\\\/\\\/www.cfea.com\\\/\",\"logo\":{\"@type\":\"ImageObject\",\"inLanguage\":\"fr-FR\",\"@id\":\"https:\\\/\\\/www.cfea.com\\\/#\\\/schema\\\/logo\\\/image\\\/\",\"url\":\"https:\\\/\\\/www.cfea.com\\\/wp-content\\\/uploads\\\/cfea-logo-login.png\",\"contentUrl\":\"https:\\\/\\\/www.cfea.com\\\/wp-content\\\/uploads\\\/cfea-logo-login.png\",\"width\":320,\"height\":120,\"caption\":\"Canadian Food Exporters Association\"},\"image\":{\"@id\":\"https:\\\/\\\/www.cfea.com\\\/#\\\/schema\\\/logo\\\/image\\\/\"},\"sameAs\":[\"https:\\\/\\\/www.facebook.com\\\/canadianfoodexportersassociation\",\"https:\\\/\\\/x.com\\\/cfea\",\"https:\\\/\\\/www.instagram.com\\\/cfeacdn\\\/\",\"https:\\\/\\\/www.linkedin.com\\\/company\\\/cfeacdn\\\/\"]}]}<\/script>\n<!-- \/ Yoast SEO plugin. -->","yoast_head_json":{"title":"Crit\u00e8res - l\u2019Association canadienne des exportateurs \u00e0 l\u2019alimentation","robots":{"index":"index","follow":"follow","max-snippet":"max-snippet:-1","max-image-preview":"max-image-preview:large","max-video-preview":"max-video-preview:-1"},"canonical":"https:\/\/www.cfea.com\/fr\/criteres\/","og_locale":"fr_FR","og_type":"article","og_title":"Crit\u00e8res - l\u2019Association canadienne des exportateurs \u00e0 l\u2019alimentation","og_description":"Lisez ci-dessous pour d\u00e9terminer \u00e0 quelle cat\u00e9gorie de membres vous appartenez &nbsp; Exportateur Toute soci\u00e9t\u00e9 canadienne sp\u00e9cialis\u00e9e dans la nourriture ou les boissons qui fabrique ou vend des produits canadiens \u00e0 valeur ajout\u00e9e et qui d\u00e9sire commencer \u00e0 faire de l&#8217;export, des ventes de march\u00e9 ou \u00e9tendre son activit\u00e9 d&#8217;exportation actuelle en ciblant de nouveaux [&hellip;]","og_url":"https:\/\/www.cfea.com\/fr\/criteres\/","og_site_name":"l\u2019Association canadienne des exportateurs \u00e0 l\u2019alimentation","article_publisher":"https:\/\/www.facebook.com\/canadianfoodexportersassociation","article_modified_time":"2018-09-13T23:48:54+00:00","og_image":[{"width":1900,"height":1070,"url":"https:\/\/www.cfea.com\/wp-content\/uploads\/peninsulavineyard.jpg","type":"image\/jpeg"}],"twitter_card":"summary_large_image","twitter_site":"@cfea","twitter_misc":{"Dur\u00e9e de lecture estim\u00e9e":"1 minute"},"schema":{"@context":"https:\/\/schema.org","@graph":[{"@type":"WebPage","@id":"https:\/\/www.cfea.com\/fr\/criteres\/","url":"https:\/\/www.cfea.com\/fr\/criteres\/","name":"Crit\u00e8res - l\u2019Association canadienne des exportateurs \u00e0 l\u2019alimentation","isPartOf":{"@id":"https:\/\/www.cfea.com\/#website"},"primaryImageOfPage":{"@id":"https:\/\/www.cfea.com\/fr\/criteres\/#primaryimage"},"image":{"@id":"https:\/\/www.cfea.com\/fr\/criteres\/#primaryimage"},"thumbnailUrl":"https:\/\/www.cfea.com\/wp-content\/uploads\/peninsulavineyard.jpg","datePublished":"2016-10-14T12:23:40+00:00","dateModified":"2018-09-13T23:48:54+00:00","breadcrumb":{"@id":"https:\/\/www.cfea.com\/fr\/criteres\/#breadcrumb"},"inLanguage":"fr-FR","potentialAction":[{"@type":"ReadAction","target":["https:\/\/www.cfea.com\/fr\/criteres\/"]}]},{"@type":"ImageObject","inLanguage":"fr-FR","@id":"https:\/\/www.cfea.com\/fr\/criteres\/#primaryimage","url":"https:\/\/www.cfea.com\/wp-content\/uploads\/peninsulavineyard.jpg","contentUrl":"https:\/\/www.cfea.com\/wp-content\/uploads\/peninsulavineyard.jpg","width":1900,"height":1070},{"@type":"BreadcrumbList","@id":"https:\/\/www.cfea.com\/fr\/criteres\/#breadcrumb","itemListElement":[{"@type":"ListItem","position":1,"name":"Accueil","item":"https:\/\/www.cfea.com\/fr\/"},{"@type":"ListItem","position":2,"name":"Crit\u00e8res"}]},{"@type":"WebSite","@id":"https:\/\/www.cfea.com\/#website","url":"https:\/\/www.cfea.com\/","name":"Canadian Food Exporters Association (CFEA)","description":"Your Gateway to the World!","publisher":{"@id":"https:\/\/www.cfea.com\/#organization"},"potentialAction":[{"@type":"SearchAction","target":{"@type":"EntryPoint","urlTemplate":"https:\/\/www.cfea.com\/?s={search_term_string}"},"query-input":{"@type":"PropertyValueSpecification","valueRequired":true,"valueName":"search_term_string"}}],"inLanguage":"fr-FR"},{"@type":"Organization","@id":"https:\/\/www.cfea.com\/#organization","name":"Canadian Food Exporters Association","url":"https:\/\/www.cfea.com\/","logo":{"@type":"ImageObject","inLanguage":"fr-FR","@id":"https:\/\/www.cfea.com\/#\/schema\/logo\/image\/","url":"https:\/\/www.cfea.com\/wp-content\/uploads\/cfea-logo-login.png","contentUrl":"https:\/\/www.cfea.com\/wp-content\/uploads\/cfea-logo-login.png","width":320,"height":120,"caption":"Canadian Food Exporters Association"},"image":{"@id":"https:\/\/www.cfea.com\/#\/schema\/logo\/image\/"},"sameAs":["https:\/\/www.facebook.com\/canadianfoodexportersassociation","https:\/\/x.com\/cfea","https:\/\/www.instagram.com\/cfeacdn\/","https:\/\/www.linkedin.com\/company\/cfeacdn\/"]}]}},"_links":{"self":[{"href":"https:\/\/www.cfea.com\/fr\/wp-json\/wp\/v2\/pages\/116","targetHints":{"allow":["GET"]}}],"collection":[{"href":"https:\/\/www.cfea.com\/fr\/wp-json\/wp\/v2\/pages"}],"about":[{"href":"https:\/\/www.cfea.com\/fr\/wp-json\/wp\/v2\/types\/page"}],"author":[{"embeddable":true,"href":"https:\/\/www.cfea.com\/fr\/wp-json\/wp\/v2\/users\/1"}],"replies":[{"embeddable":true,"href":"https:\/\/www.cfea.com\/fr\/wp-json\/wp\/v2\/comments?post=116"}],"version-history":[{"count":0,"href":"https:\/\/www.cfea.com\/fr\/wp-json\/wp\/v2\/pages\/116\/revisions"}],"wp:featuredmedia":[{"embeddable":true,"href":"https:\/\/www.cfea.com\/fr\/wp-json\/wp\/v2\/media\/85117"}],"wp:attachment":[{"href":"https:\/\/www.cfea.com\/fr\/wp-json\/wp\/v2\/media?parent=116"}],"curies":[{"name":"wp","href":"https:\/\/api.w.org\/{rel}","templated":true}]}}