{"id":119,"date":"2016-10-20T06:46:04","date_gmt":"2016-10-20T10:46:04","guid":{"rendered":"http:\/\/cfea.flywheelsites.com\/wp\/fr\/application\/"},"modified":"2025-08-04T06:12:56","modified_gmt":"2025-08-04T10:12:56","slug":"souscription","status":"publish","type":"page","link":"https:\/\/www.cfea.com\/fr\/souscription\/","title":{"rendered":"Souscription"},"content":{"rendered":"<h3>Lisez ci-dessous pour d\u00e9terminer \u00e0 quelle cat\u00e9gorie de membres vous appartenez<\/h3>\n<div class=\"cfea_membership_grid\">\n<div class=\"cfea_membership_box\">\n<h3 class=\"cfea_membership_title\">Exportateur<\/h3>\n<p class=\"cfea_membership_desc\">Toute entreprise canadienne de produits alimentaires ou de boissons fabriquant ou commercialisant des produits canadiens \u00e0 valeur ajout\u00e9e souhaitant commencer \u00e0 vendre sur les march\u00e9s d&#8217;exportation ou d\u00e9velopper ses activit\u00e9s et march\u00e9s cibles existants.<\/p>\n<p>    <a class=\"btn-primary\" href=\"\/fr\/souscription-exportateur\/\">Devenir exportateur<\/a>\n  <\/div>\n<div class=\"cfea_membership_box\">\n<h3 class=\"cfea_membership_title\">Affili\u00e9<\/h3>\n<p class=\"cfea_membership_desc\">Repr\u00e9sentants d\u00e9sign\u00e9s des d\u00e9partements gouvernementaux du secteur public, des agences de la Couronne et des organisations \u00e0 but non lucratif.<\/p>\n<p>    <a class=\"btn-primary\" href=\"\/fr\/souscription-affilie\/\">Devenir affili\u00e9<\/a>\n  <\/div>\n<div class=\"cfea_membership_box\">\n<h3 class=\"cfea_membership_title\">Associ\u00e9<\/h3>\n<p class=\"cfea_membership_desc\">Entreprises ou individus qui, autrement, ne seraient pas admissibles \u00e0 l&#8217;adh\u00e9sion mais qui fournissent des biens ou services \u00e0 l&#8217;industrie alimentaire.<\/p>\n<p>    <a class=\"btn-primary\" href=\"\/fr\/souscription-associe\/\">Devenir associ\u00e9<\/a>\n  <\/div>\n<\/div>\n","protected":false},"excerpt":{"rendered":"<p>Lisez ci-dessous pour d\u00e9terminer \u00e0 quelle cat\u00e9gorie de membres vous appartenez Exportateur Toute entreprise canadienne de produits alimentaires ou de boissons fabriquant ou commercialisant des produits canadiens \u00e0 valeur ajout\u00e9e souhaitant commencer \u00e0 vendre sur les march\u00e9s d&#8217;exportation ou d\u00e9velopper ses activit\u00e9s et march\u00e9s cibles existants. Devenir exportateur Affili\u00e9 Repr\u00e9sentants d\u00e9sign\u00e9s des d\u00e9partements gouvernementaux du [&hellip;]<\/p>\n","protected":false},"author":1,"featured_media":161883,"parent":0,"menu_order":39,"comment_status":"closed","ping_status":"closed","template":"cfea-template.php","meta":{"_acf_changed":false,"footnotes":""},"class_list":["post-119","page","type-page","status-publish","has-post-thumbnail","hentry"],"acf":[],"yoast_head":"<!-- This site is optimized with the Yoast SEO plugin v27.3 - https:\/\/yoast.com\/product\/yoast-seo-wordpress\/ -->\n<title>Souscription - l\u2019Association canadienne des exportateurs \u00e0 l\u2019alimentation<\/title>\n<meta name=\"robots\" content=\"index, follow, max-snippet:-1, max-image-preview:large, max-video-preview:-1\" \/>\n<link rel=\"canonical\" href=\"https:\/\/www.cfea.com\/fr\/souscription\/\" \/>\n<meta property=\"og:locale\" content=\"fr_FR\" \/>\n<meta property=\"og:type\" content=\"article\" \/>\n<meta property=\"og:title\" content=\"Souscription - l\u2019Association canadienne des exportateurs \u00e0 l\u2019alimentation\" \/>\n<meta property=\"og:description\" content=\"Lisez ci-dessous pour d\u00e9terminer \u00e0 quelle cat\u00e9gorie de membres vous appartenez Exportateur Toute entreprise canadienne de produits alimentaires ou de boissons fabriquant ou commercialisant des produits canadiens \u00e0 valeur ajout\u00e9e souhaitant commencer \u00e0 vendre sur les march\u00e9s d&#8217;exportation ou d\u00e9velopper ses activit\u00e9s et march\u00e9s cibles existants. Devenir exportateur Affili\u00e9 Repr\u00e9sentants d\u00e9sign\u00e9s des d\u00e9partements gouvernementaux du [&hellip;]\" \/>\n<meta property=\"og:url\" content=\"https:\/\/www.cfea.com\/fr\/souscription\/\" \/>\n<meta property=\"og:site_name\" content=\"l\u2019Association canadienne des exportateurs \u00e0 l\u2019alimentation\" \/>\n<meta property=\"article:publisher\" content=\"https:\/\/www.facebook.com\/canadianfoodexportersassociation\" \/>\n<meta property=\"article:modified_time\" content=\"2025-08-04T10:12:56+00:00\" \/>\n<meta property=\"og:image\" content=\"https:\/\/www.cfea.com\/wp-content\/uploads\/Emerald-Lake-British-Columbia.jpg\" \/>\n\t<meta property=\"og:image:width\" content=\"1900\" \/>\n\t<meta property=\"og:image:height\" content=\"1070\" \/>\n\t<meta property=\"og:image:type\" content=\"image\/jpeg\" \/>\n<meta name=\"twitter:card\" content=\"summary_large_image\" \/>\n<meta name=\"twitter:site\" content=\"@cfea\" \/>\n<meta name=\"twitter:label1\" content=\"Dur\u00e9e de lecture estim\u00e9e\" \/>\n\t<meta name=\"twitter:data1\" content=\"1 minute\" \/>\n<script type=\"application\/ld+json\" class=\"yoast-schema-graph\">{\"@context\":\"https:\\\/\\\/schema.org\",\"@graph\":[{\"@type\":\"WebPage\",\"@id\":\"https:\\\/\\\/www.cfea.com\\\/fr\\\/souscription\\\/\",\"url\":\"https:\\\/\\\/www.cfea.com\\\/fr\\\/souscription\\\/\",\"name\":\"Souscription - l\u2019Association canadienne des exportateurs \u00e0 l\u2019alimentation\",\"isPartOf\":{\"@id\":\"https:\\\/\\\/www.cfea.com\\\/#website\"},\"primaryImageOfPage\":{\"@id\":\"https:\\\/\\\/www.cfea.com\\\/fr\\\/souscription\\\/#primaryimage\"},\"image\":{\"@id\":\"https:\\\/\\\/www.cfea.com\\\/fr\\\/souscription\\\/#primaryimage\"},\"thumbnailUrl\":\"https:\\\/\\\/www.cfea.com\\\/wp-content\\\/uploads\\\/Emerald-Lake-British-Columbia.jpg\",\"datePublished\":\"2016-10-20T10:46:04+00:00\",\"dateModified\":\"2025-08-04T10:12:56+00:00\",\"breadcrumb\":{\"@id\":\"https:\\\/\\\/www.cfea.com\\\/fr\\\/souscription\\\/#breadcrumb\"},\"inLanguage\":\"fr-FR\",\"potentialAction\":[{\"@type\":\"ReadAction\",\"target\":[\"https:\\\/\\\/www.cfea.com\\\/fr\\\/souscription\\\/\"]}]},{\"@type\":\"ImageObject\",\"inLanguage\":\"fr-FR\",\"@id\":\"https:\\\/\\\/www.cfea.com\\\/fr\\\/souscription\\\/#primaryimage\",\"url\":\"https:\\\/\\\/www.cfea.com\\\/wp-content\\\/uploads\\\/Emerald-Lake-British-Columbia.jpg\",\"contentUrl\":\"https:\\\/\\\/www.cfea.com\\\/wp-content\\\/uploads\\\/Emerald-Lake-British-Columbia.jpg\",\"width\":1900,\"height\":1070},{\"@type\":\"BreadcrumbList\",\"@id\":\"https:\\\/\\\/www.cfea.com\\\/fr\\\/souscription\\\/#breadcrumb\",\"itemListElement\":[{\"@type\":\"ListItem\",\"position\":1,\"name\":\"Accueil\",\"item\":\"https:\\\/\\\/www.cfea.com\\\/fr\\\/\"},{\"@type\":\"ListItem\",\"position\":2,\"name\":\"Souscription\"}]},{\"@type\":\"WebSite\",\"@id\":\"https:\\\/\\\/www.cfea.com\\\/#website\",\"url\":\"https:\\\/\\\/www.cfea.com\\\/\",\"name\":\"Canadian Food Exporters Association (CFEA)\",\"description\":\"Your Gateway to the World!\",\"publisher\":{\"@id\":\"https:\\\/\\\/www.cfea.com\\\/#organization\"},\"potentialAction\":[{\"@type\":\"SearchAction\",\"target\":{\"@type\":\"EntryPoint\",\"urlTemplate\":\"https:\\\/\\\/www.cfea.com\\\/?s={search_term_string}\"},\"query-input\":{\"@type\":\"PropertyValueSpecification\",\"valueRequired\":true,\"valueName\":\"search_term_string\"}}],\"inLanguage\":\"fr-FR\"},{\"@type\":\"Organization\",\"@id\":\"https:\\\/\\\/www.cfea.com\\\/#organization\",\"name\":\"Canadian Food Exporters Association\",\"url\":\"https:\\\/\\\/www.cfea.com\\\/\",\"logo\":{\"@type\":\"ImageObject\",\"inLanguage\":\"fr-FR\",\"@id\":\"https:\\\/\\\/www.cfea.com\\\/#\\\/schema\\\/logo\\\/image\\\/\",\"url\":\"https:\\\/\\\/www.cfea.com\\\/wp-content\\\/uploads\\\/cfea-logo-login.png\",\"contentUrl\":\"https:\\\/\\\/www.cfea.com\\\/wp-content\\\/uploads\\\/cfea-logo-login.png\",\"width\":320,\"height\":120,\"caption\":\"Canadian Food Exporters Association\"},\"image\":{\"@id\":\"https:\\\/\\\/www.cfea.com\\\/#\\\/schema\\\/logo\\\/image\\\/\"},\"sameAs\":[\"https:\\\/\\\/www.facebook.com\\\/canadianfoodexportersassociation\",\"https:\\\/\\\/x.com\\\/cfea\",\"https:\\\/\\\/www.instagram.com\\\/cfeacdn\\\/\",\"https:\\\/\\\/www.linkedin.com\\\/company\\\/cfeacdn\\\/\"]}]}<\/script>\n<!-- \/ Yoast SEO plugin. -->","yoast_head_json":{"title":"Souscription - l\u2019Association canadienne des exportateurs \u00e0 l\u2019alimentation","robots":{"index":"index","follow":"follow","max-snippet":"max-snippet:-1","max-image-preview":"max-image-preview:large","max-video-preview":"max-video-preview:-1"},"canonical":"https:\/\/www.cfea.com\/fr\/souscription\/","og_locale":"fr_FR","og_type":"article","og_title":"Souscription - l\u2019Association canadienne des exportateurs \u00e0 l\u2019alimentation","og_description":"Lisez ci-dessous pour d\u00e9terminer \u00e0 quelle cat\u00e9gorie de membres vous appartenez Exportateur Toute entreprise canadienne de produits alimentaires ou de boissons fabriquant ou commercialisant des produits canadiens \u00e0 valeur ajout\u00e9e souhaitant commencer \u00e0 vendre sur les march\u00e9s d&#8217;exportation ou d\u00e9velopper ses activit\u00e9s et march\u00e9s cibles existants. Devenir exportateur Affili\u00e9 Repr\u00e9sentants d\u00e9sign\u00e9s des d\u00e9partements gouvernementaux du [&hellip;]","og_url":"https:\/\/www.cfea.com\/fr\/souscription\/","og_site_name":"l\u2019Association canadienne des exportateurs \u00e0 l\u2019alimentation","article_publisher":"https:\/\/www.facebook.com\/canadianfoodexportersassociation","article_modified_time":"2025-08-04T10:12:56+00:00","og_image":[{"width":1900,"height":1070,"url":"https:\/\/www.cfea.com\/wp-content\/uploads\/Emerald-Lake-British-Columbia.jpg","type":"image\/jpeg"}],"twitter_card":"summary_large_image","twitter_site":"@cfea","twitter_misc":{"Dur\u00e9e de lecture estim\u00e9e":"1 minute"},"schema":{"@context":"https:\/\/schema.org","@graph":[{"@type":"WebPage","@id":"https:\/\/www.cfea.com\/fr\/souscription\/","url":"https:\/\/www.cfea.com\/fr\/souscription\/","name":"Souscription - l\u2019Association canadienne des exportateurs \u00e0 l\u2019alimentation","isPartOf":{"@id":"https:\/\/www.cfea.com\/#website"},"primaryImageOfPage":{"@id":"https:\/\/www.cfea.com\/fr\/souscription\/#primaryimage"},"image":{"@id":"https:\/\/www.cfea.com\/fr\/souscription\/#primaryimage"},"thumbnailUrl":"https:\/\/www.cfea.com\/wp-content\/uploads\/Emerald-Lake-British-Columbia.jpg","datePublished":"2016-10-20T10:46:04+00:00","dateModified":"2025-08-04T10:12:56+00:00","breadcrumb":{"@id":"https:\/\/www.cfea.com\/fr\/souscription\/#breadcrumb"},"inLanguage":"fr-FR","potentialAction":[{"@type":"ReadAction","target":["https:\/\/www.cfea.com\/fr\/souscription\/"]}]},{"@type":"ImageObject","inLanguage":"fr-FR","@id":"https:\/\/www.cfea.com\/fr\/souscription\/#primaryimage","url":"https:\/\/www.cfea.com\/wp-content\/uploads\/Emerald-Lake-British-Columbia.jpg","contentUrl":"https:\/\/www.cfea.com\/wp-content\/uploads\/Emerald-Lake-British-Columbia.jpg","width":1900,"height":1070},{"@type":"BreadcrumbList","@id":"https:\/\/www.cfea.com\/fr\/souscription\/#breadcrumb","itemListElement":[{"@type":"ListItem","position":1,"name":"Accueil","item":"https:\/\/www.cfea.com\/fr\/"},{"@type":"ListItem","position":2,"name":"Souscription"}]},{"@type":"WebSite","@id":"https:\/\/www.cfea.com\/#website","url":"https:\/\/www.cfea.com\/","name":"Canadian Food Exporters Association (CFEA)","description":"Your Gateway to the World!","publisher":{"@id":"https:\/\/www.cfea.com\/#organization"},"potentialAction":[{"@type":"SearchAction","target":{"@type":"EntryPoint","urlTemplate":"https:\/\/www.cfea.com\/?s={search_term_string}"},"query-input":{"@type":"PropertyValueSpecification","valueRequired":true,"valueName":"search_term_string"}}],"inLanguage":"fr-FR"},{"@type":"Organization","@id":"https:\/\/www.cfea.com\/#organization","name":"Canadian Food Exporters Association","url":"https:\/\/www.cfea.com\/","logo":{"@type":"ImageObject","inLanguage":"fr-FR","@id":"https:\/\/www.cfea.com\/#\/schema\/logo\/image\/","url":"https:\/\/www.cfea.com\/wp-content\/uploads\/cfea-logo-login.png","contentUrl":"https:\/\/www.cfea.com\/wp-content\/uploads\/cfea-logo-login.png","width":320,"height":120,"caption":"Canadian Food Exporters Association"},"image":{"@id":"https:\/\/www.cfea.com\/#\/schema\/logo\/image\/"},"sameAs":["https:\/\/www.facebook.com\/canadianfoodexportersassociation","https:\/\/x.com\/cfea","https:\/\/www.instagram.com\/cfeacdn\/","https:\/\/www.linkedin.com\/company\/cfeacdn\/"]}]}},"_links":{"self":[{"href":"https:\/\/www.cfea.com\/fr\/wp-json\/wp\/v2\/pages\/119","targetHints":{"allow":["GET"]}}],"collection":[{"href":"https:\/\/www.cfea.com\/fr\/wp-json\/wp\/v2\/pages"}],"about":[{"href":"https:\/\/www.cfea.com\/fr\/wp-json\/wp\/v2\/types\/page"}],"author":[{"embeddable":true,"href":"https:\/\/www.cfea.com\/fr\/wp-json\/wp\/v2\/users\/1"}],"replies":[{"embeddable":true,"href":"https:\/\/www.cfea.com\/fr\/wp-json\/wp\/v2\/comments?post=119"}],"version-history":[{"count":5,"href":"https:\/\/www.cfea.com\/fr\/wp-json\/wp\/v2\/pages\/119\/revisions"}],"predecessor-version":[{"id":168161,"href":"https:\/\/www.cfea.com\/fr\/wp-json\/wp\/v2\/pages\/119\/revisions\/168161"}],"wp:featuredmedia":[{"embeddable":true,"href":"https:\/\/www.cfea.com\/fr\/wp-json\/wp\/v2\/media\/161883"}],"wp:attachment":[{"href":"https:\/\/www.cfea.com\/fr\/wp-json\/wp\/v2\/media?parent=119"}],"curies":[{"name":"wp","href":"https:\/\/api.w.org\/{rel}","templated":true}]}}