{"id":127,"date":"2016-10-26T18:49:32","date_gmt":"2016-10-26T22:49:32","guid":{"rendered":"http:\/\/cfea.flywheelsites.com\/wp\/fr\/links\/"},"modified":"2025-08-19T15:42:43","modified_gmt":"2025-08-19T19:42:43","slug":"liens","status":"publish","type":"page","link":"https:\/\/www.cfea.com\/fr\/liens\/","title":{"rendered":"Liens"},"content":{"rendered":"<div class=\"cfea_links_wraper\">\n<h2>ASSOCIATIONS<\/h2>\n<p><a href=\"https:\/\/www.fhcp.ca\/en\/\" target=\"_blank\" rel=\"noopener noreferrer\">Produits alimentaires et de consommation du Canada<\/a><\/p>\n<p><a href=\"https:\/\/groupexport.ca\" target=\"_blank\" rel=\"noopener\">Groupe Export agroalimentaire<\/a><\/p>\n<p>&nbsp;<\/p>\n<h2>GOVERNEMENT<\/h2>\n<p><a href=\"https:\/\/agpal.ca\/fr\/accueil\" target=\"_blank\" rel=\"noopener\">AgriGuichet Chercheur de Programmes et Services<\/a><\/p>\n<p><a href=\"http:\/\/www.agr.gc.ca\/fra\/accueil\/?id=1395690825741\" target=\"_blank\" rel=\"noopener noreferrer\">Agriculture et Agroalimentaire Canada<\/a><\/p>\n<p><a href=\"https:\/\/www.canada.ca\/fr\/developpement-economique-pacifique.html\" target=\"_blank\" rel=\"noopener\">D\u00e9veloppement \u00e9conomique Canada pour le Pacifique<\/a><\/p>\n<p><a href=\"https:\/\/www.canada.ca\/fr\/developpement-economique-prairies.html\" target=\"_blank\" rel=\"noopener\">D\u00e9veloppement \u00e9conomique Canada pour les Prairies<\/a><\/p>\n<p><a href=\"http:\/\/www.marquecanadabrand.agr.gc.ca\/intro\/index-fra.htm\" target=\"_blank\" rel=\"noopener noreferrer\">La marque Canada<\/a><\/p>\n<p><a href=\"http:\/\/www2.gov.bc.ca\/\" target=\"_blank\" rel=\"noopener noreferrer\">Government of British Columbia<\/a><\/p>\n<p><a href=\"https:\/\/www.canada.ca\/fr.html?utm_medium=decommissioned+site&amp;utm_campaign=Canada+Site+Redirect+Tracking&amp;utm_source=canada.gc.ca\/accueil.html&amp;utm_content=Launch+Tracking\" target=\"_blank\" rel=\"noopener noreferrer\">Gouvernement du Canada<\/a><\/p>\n<p><a href=\"https:\/\/www.ontario.ca\/fr\/page\/gouvernement-de-lontario\" target=\"_blank\" rel=\"noopener noreferrer\">Gouvernement de l&#8217;Ontario<\/a><\/p>\n<p><a href=\"https:\/\/www.quebec.ca\/en\" target=\"_blank\" rel=\"noopener noreferrer\">Gouvernement de Quebec<\/a><\/p>\n<p><a href=\"http:\/\/www.ic.gc.ca\/eic\/site\/icgc.nsf\/fra\/accueil\" target=\"_blank\" rel=\"noopener noreferrer\">Industrie Canada<\/a><\/p>\n<p>&nbsp;<\/p>\n<h2>AUTRE<\/h2>\n<p><a href=\"https:\/\/www.fcc-fac.ca\/fr.html\" target=\"_blank\" rel=\"noopener\">Financement agricole Canada<\/a><\/p>\n<p><a href=\"https:\/\/foodskillslibrary.com\" target=\"_blank\" rel=\"noopener\">R\u00e9f\u00e9rentiel de comp\u00e9tences alimentaires<\/a><\/p>\n<\/div>\n","protected":false},"excerpt":{"rendered":"<p>ASSOCIATIONS Produits alimentaires et de consommation du Canada Groupe Export agroalimentaire &nbsp; GOVERNEMENT AgriGuichet Chercheur de Programmes et Services Agriculture et Agroalimentaire Canada D\u00e9veloppement \u00e9conomique Canada pour le Pacifique D\u00e9veloppement \u00e9conomique Canada pour les Prairies La marque Canada Government of British Columbia Gouvernement du Canada Gouvernement de l&#8217;Ontario Gouvernement de Quebec Industrie Canada &nbsp; AUTRE [&hellip;]<\/p>\n","protected":false},"author":1,"featured_media":133877,"parent":0,"menu_order":33,"comment_status":"closed","ping_status":"closed","template":"cfea-template.php","meta":{"_acf_changed":false,"footnotes":""},"class_list":["post-127","page","type-page","status-publish","has-post-thumbnail","hentry"],"acf":[],"yoast_head":"<!-- This site is optimized with the Yoast SEO plugin v27.3 - https:\/\/yoast.com\/product\/yoast-seo-wordpress\/ -->\n<title>Liens - l\u2019Association canadienne des exportateurs \u00e0 l\u2019alimentation<\/title>\n<meta name=\"robots\" content=\"index, follow, max-snippet:-1, max-image-preview:large, max-video-preview:-1\" \/>\n<link rel=\"canonical\" href=\"https:\/\/www.cfea.com\/fr\/liens\/\" \/>\n<meta property=\"og:locale\" content=\"fr_FR\" \/>\n<meta property=\"og:type\" content=\"article\" \/>\n<meta property=\"og:title\" content=\"Liens - l\u2019Association canadienne des exportateurs \u00e0 l\u2019alimentation\" \/>\n<meta property=\"og:description\" content=\"ASSOCIATIONS Produits alimentaires et de consommation du Canada Groupe Export agroalimentaire &nbsp; GOVERNEMENT AgriGuichet Chercheur de Programmes et Services Agriculture et Agroalimentaire Canada D\u00e9veloppement \u00e9conomique Canada pour le Pacifique D\u00e9veloppement \u00e9conomique Canada pour les Prairies La marque Canada Government of British Columbia Gouvernement du Canada Gouvernement de l&#8217;Ontario Gouvernement de Quebec Industrie Canada &nbsp; AUTRE [&hellip;]\" \/>\n<meta property=\"og:url\" content=\"https:\/\/www.cfea.com\/fr\/liens\/\" \/>\n<meta property=\"og:site_name\" content=\"l\u2019Association canadienne des exportateurs \u00e0 l\u2019alimentation\" \/>\n<meta property=\"article:publisher\" content=\"https:\/\/www.facebook.com\/canadianfoodexportersassociation\" \/>\n<meta property=\"article:modified_time\" content=\"2025-08-19T19:42:43+00:00\" \/>\n<meta property=\"og:image\" content=\"https:\/\/www.cfea.com\/wp-content\/uploads\/oatfarm.jpg\" \/>\n\t<meta property=\"og:image:width\" content=\"1900\" \/>\n\t<meta property=\"og:image:height\" content=\"1070\" \/>\n\t<meta property=\"og:image:type\" content=\"image\/jpeg\" \/>\n<meta name=\"twitter:card\" content=\"summary_large_image\" \/>\n<meta name=\"twitter:site\" content=\"@cfea\" \/>\n<meta name=\"twitter:label1\" content=\"Dur\u00e9e de lecture estim\u00e9e\" \/>\n\t<meta name=\"twitter:data1\" content=\"1 minute\" \/>\n<script type=\"application\/ld+json\" class=\"yoast-schema-graph\">{\"@context\":\"https:\\\/\\\/schema.org\",\"@graph\":[{\"@type\":\"WebPage\",\"@id\":\"https:\\\/\\\/www.cfea.com\\\/fr\\\/liens\\\/\",\"url\":\"https:\\\/\\\/www.cfea.com\\\/fr\\\/liens\\\/\",\"name\":\"Liens - l\u2019Association canadienne des exportateurs \u00e0 l\u2019alimentation\",\"isPartOf\":{\"@id\":\"https:\\\/\\\/www.cfea.com\\\/#website\"},\"primaryImageOfPage\":{\"@id\":\"https:\\\/\\\/www.cfea.com\\\/fr\\\/liens\\\/#primaryimage\"},\"image\":{\"@id\":\"https:\\\/\\\/www.cfea.com\\\/fr\\\/liens\\\/#primaryimage\"},\"thumbnailUrl\":\"https:\\\/\\\/www.cfea.com\\\/wp-content\\\/uploads\\\/oatfarm.jpg\",\"datePublished\":\"2016-10-26T22:49:32+00:00\",\"dateModified\":\"2025-08-19T19:42:43+00:00\",\"breadcrumb\":{\"@id\":\"https:\\\/\\\/www.cfea.com\\\/fr\\\/liens\\\/#breadcrumb\"},\"inLanguage\":\"fr-FR\",\"potentialAction\":[{\"@type\":\"ReadAction\",\"target\":[\"https:\\\/\\\/www.cfea.com\\\/fr\\\/liens\\\/\"]}]},{\"@type\":\"ImageObject\",\"inLanguage\":\"fr-FR\",\"@id\":\"https:\\\/\\\/www.cfea.com\\\/fr\\\/liens\\\/#primaryimage\",\"url\":\"https:\\\/\\\/www.cfea.com\\\/wp-content\\\/uploads\\\/oatfarm.jpg\",\"contentUrl\":\"https:\\\/\\\/www.cfea.com\\\/wp-content\\\/uploads\\\/oatfarm.jpg\",\"width\":1900,\"height\":1070},{\"@type\":\"BreadcrumbList\",\"@id\":\"https:\\\/\\\/www.cfea.com\\\/fr\\\/liens\\\/#breadcrumb\",\"itemListElement\":[{\"@type\":\"ListItem\",\"position\":1,\"name\":\"Accueil\",\"item\":\"https:\\\/\\\/www.cfea.com\\\/fr\\\/\"},{\"@type\":\"ListItem\",\"position\":2,\"name\":\"Liens\"}]},{\"@type\":\"WebSite\",\"@id\":\"https:\\\/\\\/www.cfea.com\\\/#website\",\"url\":\"https:\\\/\\\/www.cfea.com\\\/\",\"name\":\"Canadian Food Exporters Association (CFEA)\",\"description\":\"Your Gateway to the World!\",\"publisher\":{\"@id\":\"https:\\\/\\\/www.cfea.com\\\/#organization\"},\"potentialAction\":[{\"@type\":\"SearchAction\",\"target\":{\"@type\":\"EntryPoint\",\"urlTemplate\":\"https:\\\/\\\/www.cfea.com\\\/?s={search_term_string}\"},\"query-input\":{\"@type\":\"PropertyValueSpecification\",\"valueRequired\":true,\"valueName\":\"search_term_string\"}}],\"inLanguage\":\"fr-FR\"},{\"@type\":\"Organization\",\"@id\":\"https:\\\/\\\/www.cfea.com\\\/#organization\",\"name\":\"Canadian Food Exporters Association\",\"url\":\"https:\\\/\\\/www.cfea.com\\\/\",\"logo\":{\"@type\":\"ImageObject\",\"inLanguage\":\"fr-FR\",\"@id\":\"https:\\\/\\\/www.cfea.com\\\/#\\\/schema\\\/logo\\\/image\\\/\",\"url\":\"https:\\\/\\\/www.cfea.com\\\/wp-content\\\/uploads\\\/cfea-logo-login.png\",\"contentUrl\":\"https:\\\/\\\/www.cfea.com\\\/wp-content\\\/uploads\\\/cfea-logo-login.png\",\"width\":320,\"height\":120,\"caption\":\"Canadian Food Exporters Association\"},\"image\":{\"@id\":\"https:\\\/\\\/www.cfea.com\\\/#\\\/schema\\\/logo\\\/image\\\/\"},\"sameAs\":[\"https:\\\/\\\/www.facebook.com\\\/canadianfoodexportersassociation\",\"https:\\\/\\\/x.com\\\/cfea\",\"https:\\\/\\\/www.instagram.com\\\/cfeacdn\\\/\",\"https:\\\/\\\/www.linkedin.com\\\/company\\\/cfeacdn\\\/\"]}]}<\/script>\n<!-- \/ Yoast SEO plugin. -->","yoast_head_json":{"title":"Liens - l\u2019Association canadienne des exportateurs \u00e0 l\u2019alimentation","robots":{"index":"index","follow":"follow","max-snippet":"max-snippet:-1","max-image-preview":"max-image-preview:large","max-video-preview":"max-video-preview:-1"},"canonical":"https:\/\/www.cfea.com\/fr\/liens\/","og_locale":"fr_FR","og_type":"article","og_title":"Liens - l\u2019Association canadienne des exportateurs \u00e0 l\u2019alimentation","og_description":"ASSOCIATIONS Produits alimentaires et de consommation du Canada Groupe Export agroalimentaire &nbsp; GOVERNEMENT AgriGuichet Chercheur de Programmes et Services Agriculture et Agroalimentaire Canada D\u00e9veloppement \u00e9conomique Canada pour le Pacifique D\u00e9veloppement \u00e9conomique Canada pour les Prairies La marque Canada Government of British Columbia Gouvernement du Canada Gouvernement de l&#8217;Ontario Gouvernement de Quebec Industrie Canada &nbsp; AUTRE [&hellip;]","og_url":"https:\/\/www.cfea.com\/fr\/liens\/","og_site_name":"l\u2019Association canadienne des exportateurs \u00e0 l\u2019alimentation","article_publisher":"https:\/\/www.facebook.com\/canadianfoodexportersassociation","article_modified_time":"2025-08-19T19:42:43+00:00","og_image":[{"width":1900,"height":1070,"url":"https:\/\/www.cfea.com\/wp-content\/uploads\/oatfarm.jpg","type":"image\/jpeg"}],"twitter_card":"summary_large_image","twitter_site":"@cfea","twitter_misc":{"Dur\u00e9e de lecture estim\u00e9e":"1 minute"},"schema":{"@context":"https:\/\/schema.org","@graph":[{"@type":"WebPage","@id":"https:\/\/www.cfea.com\/fr\/liens\/","url":"https:\/\/www.cfea.com\/fr\/liens\/","name":"Liens - l\u2019Association canadienne des exportateurs \u00e0 l\u2019alimentation","isPartOf":{"@id":"https:\/\/www.cfea.com\/#website"},"primaryImageOfPage":{"@id":"https:\/\/www.cfea.com\/fr\/liens\/#primaryimage"},"image":{"@id":"https:\/\/www.cfea.com\/fr\/liens\/#primaryimage"},"thumbnailUrl":"https:\/\/www.cfea.com\/wp-content\/uploads\/oatfarm.jpg","datePublished":"2016-10-26T22:49:32+00:00","dateModified":"2025-08-19T19:42:43+00:00","breadcrumb":{"@id":"https:\/\/www.cfea.com\/fr\/liens\/#breadcrumb"},"inLanguage":"fr-FR","potentialAction":[{"@type":"ReadAction","target":["https:\/\/www.cfea.com\/fr\/liens\/"]}]},{"@type":"ImageObject","inLanguage":"fr-FR","@id":"https:\/\/www.cfea.com\/fr\/liens\/#primaryimage","url":"https:\/\/www.cfea.com\/wp-content\/uploads\/oatfarm.jpg","contentUrl":"https:\/\/www.cfea.com\/wp-content\/uploads\/oatfarm.jpg","width":1900,"height":1070},{"@type":"BreadcrumbList","@id":"https:\/\/www.cfea.com\/fr\/liens\/#breadcrumb","itemListElement":[{"@type":"ListItem","position":1,"name":"Accueil","item":"https:\/\/www.cfea.com\/fr\/"},{"@type":"ListItem","position":2,"name":"Liens"}]},{"@type":"WebSite","@id":"https:\/\/www.cfea.com\/#website","url":"https:\/\/www.cfea.com\/","name":"Canadian Food Exporters Association (CFEA)","description":"Your Gateway to the World!","publisher":{"@id":"https:\/\/www.cfea.com\/#organization"},"potentialAction":[{"@type":"SearchAction","target":{"@type":"EntryPoint","urlTemplate":"https:\/\/www.cfea.com\/?s={search_term_string}"},"query-input":{"@type":"PropertyValueSpecification","valueRequired":true,"valueName":"search_term_string"}}],"inLanguage":"fr-FR"},{"@type":"Organization","@id":"https:\/\/www.cfea.com\/#organization","name":"Canadian Food Exporters Association","url":"https:\/\/www.cfea.com\/","logo":{"@type":"ImageObject","inLanguage":"fr-FR","@id":"https:\/\/www.cfea.com\/#\/schema\/logo\/image\/","url":"https:\/\/www.cfea.com\/wp-content\/uploads\/cfea-logo-login.png","contentUrl":"https:\/\/www.cfea.com\/wp-content\/uploads\/cfea-logo-login.png","width":320,"height":120,"caption":"Canadian Food Exporters Association"},"image":{"@id":"https:\/\/www.cfea.com\/#\/schema\/logo\/image\/"},"sameAs":["https:\/\/www.facebook.com\/canadianfoodexportersassociation","https:\/\/x.com\/cfea","https:\/\/www.instagram.com\/cfeacdn\/","https:\/\/www.linkedin.com\/company\/cfeacdn\/"]}]}},"_links":{"self":[{"href":"https:\/\/www.cfea.com\/fr\/wp-json\/wp\/v2\/pages\/127","targetHints":{"allow":["GET"]}}],"collection":[{"href":"https:\/\/www.cfea.com\/fr\/wp-json\/wp\/v2\/pages"}],"about":[{"href":"https:\/\/www.cfea.com\/fr\/wp-json\/wp\/v2\/types\/page"}],"author":[{"embeddable":true,"href":"https:\/\/www.cfea.com\/fr\/wp-json\/wp\/v2\/users\/1"}],"replies":[{"embeddable":true,"href":"https:\/\/www.cfea.com\/fr\/wp-json\/wp\/v2\/comments?post=127"}],"version-history":[{"count":10,"href":"https:\/\/www.cfea.com\/fr\/wp-json\/wp\/v2\/pages\/127\/revisions"}],"predecessor-version":[{"id":168183,"href":"https:\/\/www.cfea.com\/fr\/wp-json\/wp\/v2\/pages\/127\/revisions\/168183"}],"wp:featuredmedia":[{"embeddable":true,"href":"https:\/\/www.cfea.com\/fr\/wp-json\/wp\/v2\/media\/133877"}],"wp:attachment":[{"href":"https:\/\/www.cfea.com\/fr\/wp-json\/wp\/v2\/media?parent=127"}],"curies":[{"name":"wp","href":"https:\/\/api.w.org\/{rel}","templated":true}]}}