{"id":137,"date":"2016-10-14T08:24:58","date_gmt":"2016-10-14T12:24:58","guid":{"rendered":"http:\/\/cfea.flywheelsites.com\/wp\/fr\/privacy-policy\/"},"modified":"2025-07-16T17:00:48","modified_gmt":"2025-07-16T21:00:48","slug":"privee","status":"publish","type":"page","link":"https:\/\/www.cfea.com\/fr\/privee\/","title":{"rendered":"Politique En Mati\u00e8re De Protection De La Vie Priv\u00e9e"},"content":{"rendered":"<h3>Qui nous sommes<\/h3>\n<p>L&#8217;adresse de notre site Web est : <a href=\"https:\/\/www.cfea.com\/fr\/\">https:\/\/www.cfea.com<\/a><\/p>\n<h3>Cookies :<\/h3>\n<p>Lors de votre connexion, nous mettrons \u00e9galement en place plusieurs cookies pour enregistrer vos informations de connexion et vos choix d&#8217;affichage \u00e0 l&#8217;\u00e9cran. Les cookies de connexion durent deux jours et les cookies d&#8217;options d&#8217;\u00e9cran durent un an. Si vous s\u00e9lectionnez &#8220;Se souvenir de moi&#8221;, votre connexion persistera pendant deux semaines. Si vous vous d\u00e9connectez de votre compte, les cookies de connexion seront supprim\u00e9s.<\/p>\n<h3>Contenu int\u00e9gr\u00e9 d&#8217;autres sites Web :<\/h3>\n<p>Les articles de ce site peuvent inclure des contenus int\u00e9gr\u00e9s (par exemple des vid\u00e9os, des images, des articles, etc.). Le contenu int\u00e9gr\u00e9 d&#8217;autres sites Web se comporte exactement de la m\u00eame mani\u00e8re que si le visiteur avait visit\u00e9 l&#8217;autre site Web.<\/p>\n<p>Ces sites Web peuvent collecter des donn\u00e9es vous concernant, utiliser des cookies, int\u00e9grer un suivi tiers suppl\u00e9mentaire et surveiller votre interaction avec ce contenu int\u00e9gr\u00e9, y compris le suivi de votre interaction avec le contenu int\u00e9gr\u00e9 si vous avez un compte et \u00eates connect\u00e9 \u00e0 ce site Web.<\/p>\n<h3>Avec qui partageons-nous vos donn\u00e9es :<\/h3>\n<p>Si vous demandez une r\u00e9initialisation de mot de passe, votre adresse IP sera incluse dans l&#8217;e-mail de r\u00e9initialisation.<\/p>\n<h3>Combien de temps conservons-nous vos donn\u00e9es :<\/h3>\n<p>Pour les utilisateurs qui s&#8217;inscrivent sur notre site Web (le cas \u00e9ch\u00e9ant), nous stockons \u00e9galement les informations personnelles qu&#8217;ils fournissent dans leur profil d&#8217;utilisateur. Tous les utilisateurs peuvent voir, modifier ou supprimer leurs informations personnelles \u00e0 tout moment (sauf qu&#8217;ils ne peuvent pas changer leur nom d&#8217;utilisateur). Les administrateurs du site Web peuvent \u00e9galement voir et modifier ces informations.<\/p>\n<h3>Quels droits avez-vous sur vos donn\u00e9es :<\/h3>\n<p>Si vous avez un compte sur ce site, vous pouvez demander \u00e0 recevoir un fichier export\u00e9 des donn\u00e9es personnelles que nous d\u00e9tenons \u00e0 votre sujet, y compris les donn\u00e9es que vous nous avez fournies. Vous pouvez \u00e9galement nous demander d&#8217;effacer toutes les donn\u00e9es personnelles que nous d\u00e9tenons \u00e0 votre sujet. Cela n&#8217;inclut pas les donn\u00e9es que nous sommes oblig\u00e9s de conserver \u00e0 des fins administratives, juridiques ou de s\u00e9curit\u00e9.<\/p>\n<h3>Notre engagement par rapport \u00e0 la protection de la vie priv\u00e9e:<\/h3>\n<p>L&#8217;Association canadienne des exportateurs \u00e0 l&#8217;alimentation (\u00ab ACEA \u00bb) a cr\u00e9\u00e9 cette politique en mati\u00e8re de protection de la vie priv\u00e9e afin de prouver son fort engagement \u00e0 respecter la vie priv\u00e9e. Cette politique d\u00e9crit l&#8217;information que nous demandons, la fa\u00e7on dont nous l&#8217;utilisons et avec qui nous la partageons. Veuillez lire cette politique afin de comprendre la mani\u00e8re dont vos informations seront trait\u00e9es.<\/p>\n<h3>Informations que nous demandons :<\/h3>\n<p>Nous d\u00e9veloppons un profil de membre pour toutes nos soci\u00e9t\u00e9s membres, profil qui inclut le nom de la compagnie, l&#8217;adresse, le num\u00e9ro de t\u00e9l\u00e9phone, le num\u00e9ro de t\u00e9l\u00e9copie, l&#8217;adresse courriel, le site Internet, le nom du contact et l&#8217;information sur le produit afin de les utiliser dans la base de donn\u00e9es en ligne des membres. Ces informations sont collect\u00e9es au moment de votre adh\u00e9sion comme membre de l&#8217;ACEA et parfois lors de sondages parmi nos membres. Toutes les autres informations demand\u00e9es dans le formulaire d&#8217;adh\u00e9sion et les sondages parmi les membres restent strictement confidentielles et ne seront pas transmises \u00e0 des tiers.<\/p>\n<p>Les logos des soci\u00e9t\u00e9s membres sont aussi rassembl\u00e9s avec votre permission pour \u00eatre affich\u00e9s dans la base de donn\u00e9es en ligne des membres. Soyez s\u00fbr que le nom et le logo de votre soci\u00e9t\u00e9 seront utilis\u00e9s dans le format que vous nous procurerez et uniquement dans le but d\u00e9crit ci-dessus.<\/p>\n<p>Les adresses courriel sont utilis\u00e9es pour envoyer les informations que vous avez requises (telles que les invitations pour un s\u00e9minaire\/atelier, ou pour des missions sortantes\/entrantes et autres communications vari\u00e9es). Si vous ne souhaitez pas recevoir de messages par courriel, contactez nous \u00e0 cette adresse info@cfea.com.<\/p>\n<h3>Qui recueille vos informations et avec qui peuvent-ils les partager :<\/h3>\n<p>L&#8217;ACEA s&#8217;engage \u00e0 garder les informations de votre soci\u00e9t\u00e9 confidentielles. Nous ne vendrons, \u00e9changerons ou ne louerons pas sciemment vos informations personnelles \u00e0 des tiers. Toutes vos informations personnelles, par exemple les ventes \u00e0 l&#8217;exportation ne sont recueillies que dans le but d\u00e9clar\u00e9 de l&#8217;ACEA et ne sont pas cens\u00e9es \u00eatre utilis\u00e9es par des tiers.<\/p>\n<h3>D\u00e9sengagement :<\/h3>\n<p>En tant que membre de l&#8217;ACEA, vous avez le droit de ne pas voir vos informations divulgu\u00e9es dans notre base de donn\u00e9es en ligne; vous pouvez vous d\u00e9sengager \u00e0 n&#8217;importe quel moment en suivant l&#8217;une des proc\u00e9dures suivantes :<\/p>\n<ol>\n<li>envoyez un courriel \u00e0 info@cfea.com<\/li>\n<li>appelez au (416) 445-3747 \u00a0et demandez \u00e0 \u00eatre enlev\u00e9 de la base de donn\u00e9es;<\/li>\n<li>contactez-nous par courrier \u00e0 l&#8217;adresse suivante : 250 Queen Street, PO Box 1282, Port Perry (Ontario) L9L 1B9.<\/li>\n<\/ol>\n","protected":false},"excerpt":{"rendered":"<p>Qui nous sommes L&#8217;adresse de notre site Web est : https:\/\/www.cfea.com Cookies : Lors de votre connexion, nous mettrons \u00e9galement en place plusieurs cookies pour enregistrer vos informations de connexion et vos choix d&#8217;affichage \u00e0 l&#8217;\u00e9cran. Les cookies de connexion durent deux jours et les cookies d&#8217;options d&#8217;\u00e9cran durent un an. Si vous s\u00e9lectionnez &#8220;Se [&hellip;]<\/p>\n","protected":false},"author":1,"featured_media":127175,"parent":0,"menu_order":35,"comment_status":"closed","ping_status":"closed","template":"","meta":{"_acf_changed":false,"footnotes":""},"class_list":["post-137","page","type-page","status-publish","has-post-thumbnail","hentry"],"acf":[],"yoast_head":"<!-- This site is optimized with the Yoast SEO plugin v27.3 - https:\/\/yoast.com\/product\/yoast-seo-wordpress\/ -->\n<title>Politique En Mati\u00e8re De Protection De La Vie Priv\u00e9e - l\u2019Association canadienne des exportateurs \u00e0 l\u2019alimentation<\/title>\n<meta name=\"robots\" content=\"index, follow, max-snippet:-1, max-image-preview:large, max-video-preview:-1\" \/>\n<link rel=\"canonical\" href=\"https:\/\/www.cfea.com\/fr\/privee\/\" \/>\n<meta property=\"og:locale\" content=\"fr_FR\" \/>\n<meta property=\"og:type\" content=\"article\" \/>\n<meta property=\"og:title\" content=\"Politique En Mati\u00e8re De Protection De La Vie Priv\u00e9e - l\u2019Association canadienne des exportateurs \u00e0 l\u2019alimentation\" \/>\n<meta property=\"og:description\" content=\"Qui nous sommes L&#8217;adresse de notre site Web est : https:\/\/www.cfea.com Cookies : Lors de votre connexion, nous mettrons \u00e9galement en place plusieurs cookies pour enregistrer vos informations de connexion et vos choix d&#8217;affichage \u00e0 l&#8217;\u00e9cran. Les cookies de connexion durent deux jours et les cookies d&#8217;options d&#8217;\u00e9cran durent un an. Si vous s\u00e9lectionnez &#8220;Se [&hellip;]\" \/>\n<meta property=\"og:url\" content=\"https:\/\/www.cfea.com\/fr\/privee\/\" \/>\n<meta property=\"og:site_name\" content=\"l\u2019Association canadienne des exportateurs \u00e0 l\u2019alimentation\" \/>\n<meta property=\"article:publisher\" content=\"https:\/\/www.facebook.com\/canadianfoodexportersassociation\" \/>\n<meta property=\"article:modified_time\" content=\"2025-07-16T21:00:48+00:00\" \/>\n<meta property=\"og:image\" content=\"https:\/\/www.cfea.com\/wp-content\/uploads\/forillon.jpg\" \/>\n\t<meta property=\"og:image:width\" content=\"1900\" \/>\n\t<meta property=\"og:image:height\" content=\"1070\" \/>\n\t<meta property=\"og:image:type\" content=\"image\/jpeg\" \/>\n<meta name=\"twitter:card\" content=\"summary_large_image\" \/>\n<meta name=\"twitter:site\" content=\"@cfea\" \/>\n<meta name=\"twitter:label1\" content=\"Dur\u00e9e de lecture estim\u00e9e\" \/>\n\t<meta name=\"twitter:data1\" content=\"4 minutes\" \/>\n<script type=\"application\/ld+json\" class=\"yoast-schema-graph\">{\"@context\":\"https:\\\/\\\/schema.org\",\"@graph\":[{\"@type\":\"WebPage\",\"@id\":\"https:\\\/\\\/www.cfea.com\\\/fr\\\/privee\\\/\",\"url\":\"https:\\\/\\\/www.cfea.com\\\/fr\\\/privee\\\/\",\"name\":\"Politique En Mati\u00e8re De Protection De La Vie Priv\u00e9e - l\u2019Association canadienne des exportateurs \u00e0 l\u2019alimentation\",\"isPartOf\":{\"@id\":\"https:\\\/\\\/www.cfea.com\\\/#website\"},\"primaryImageOfPage\":{\"@id\":\"https:\\\/\\\/www.cfea.com\\\/fr\\\/privee\\\/#primaryimage\"},\"image\":{\"@id\":\"https:\\\/\\\/www.cfea.com\\\/fr\\\/privee\\\/#primaryimage\"},\"thumbnailUrl\":\"https:\\\/\\\/www.cfea.com\\\/wp-content\\\/uploads\\\/forillon.jpg\",\"datePublished\":\"2016-10-14T12:24:58+00:00\",\"dateModified\":\"2025-07-16T21:00:48+00:00\",\"breadcrumb\":{\"@id\":\"https:\\\/\\\/www.cfea.com\\\/fr\\\/privee\\\/#breadcrumb\"},\"inLanguage\":\"fr-FR\",\"potentialAction\":[{\"@type\":\"ReadAction\",\"target\":[\"https:\\\/\\\/www.cfea.com\\\/fr\\\/privee\\\/\"]}]},{\"@type\":\"ImageObject\",\"inLanguage\":\"fr-FR\",\"@id\":\"https:\\\/\\\/www.cfea.com\\\/fr\\\/privee\\\/#primaryimage\",\"url\":\"https:\\\/\\\/www.cfea.com\\\/wp-content\\\/uploads\\\/forillon.jpg\",\"contentUrl\":\"https:\\\/\\\/www.cfea.com\\\/wp-content\\\/uploads\\\/forillon.jpg\",\"width\":1900,\"height\":1070},{\"@type\":\"BreadcrumbList\",\"@id\":\"https:\\\/\\\/www.cfea.com\\\/fr\\\/privee\\\/#breadcrumb\",\"itemListElement\":[{\"@type\":\"ListItem\",\"position\":1,\"name\":\"Accueil\",\"item\":\"https:\\\/\\\/www.cfea.com\\\/fr\\\/\"},{\"@type\":\"ListItem\",\"position\":2,\"name\":\"Politique En Mati\u00e8re De Protection De La Vie Priv\u00e9e\"}]},{\"@type\":\"WebSite\",\"@id\":\"https:\\\/\\\/www.cfea.com\\\/#website\",\"url\":\"https:\\\/\\\/www.cfea.com\\\/\",\"name\":\"Canadian Food Exporters Association (CFEA)\",\"description\":\"Your Gateway to the World!\",\"publisher\":{\"@id\":\"https:\\\/\\\/www.cfea.com\\\/#organization\"},\"potentialAction\":[{\"@type\":\"SearchAction\",\"target\":{\"@type\":\"EntryPoint\",\"urlTemplate\":\"https:\\\/\\\/www.cfea.com\\\/?s={search_term_string}\"},\"query-input\":{\"@type\":\"PropertyValueSpecification\",\"valueRequired\":true,\"valueName\":\"search_term_string\"}}],\"inLanguage\":\"fr-FR\"},{\"@type\":\"Organization\",\"@id\":\"https:\\\/\\\/www.cfea.com\\\/#organization\",\"name\":\"Canadian Food Exporters Association\",\"url\":\"https:\\\/\\\/www.cfea.com\\\/\",\"logo\":{\"@type\":\"ImageObject\",\"inLanguage\":\"fr-FR\",\"@id\":\"https:\\\/\\\/www.cfea.com\\\/#\\\/schema\\\/logo\\\/image\\\/\",\"url\":\"https:\\\/\\\/www.cfea.com\\\/wp-content\\\/uploads\\\/cfea-logo-login.png\",\"contentUrl\":\"https:\\\/\\\/www.cfea.com\\\/wp-content\\\/uploads\\\/cfea-logo-login.png\",\"width\":320,\"height\":120,\"caption\":\"Canadian Food Exporters Association\"},\"image\":{\"@id\":\"https:\\\/\\\/www.cfea.com\\\/#\\\/schema\\\/logo\\\/image\\\/\"},\"sameAs\":[\"https:\\\/\\\/www.facebook.com\\\/canadianfoodexportersassociation\",\"https:\\\/\\\/x.com\\\/cfea\",\"https:\\\/\\\/www.instagram.com\\\/cfeacdn\\\/\",\"https:\\\/\\\/www.linkedin.com\\\/company\\\/cfeacdn\\\/\"]}]}<\/script>\n<!-- \/ Yoast SEO plugin. -->","yoast_head_json":{"title":"Politique En Mati\u00e8re De Protection De La Vie Priv\u00e9e - l\u2019Association canadienne des exportateurs \u00e0 l\u2019alimentation","robots":{"index":"index","follow":"follow","max-snippet":"max-snippet:-1","max-image-preview":"max-image-preview:large","max-video-preview":"max-video-preview:-1"},"canonical":"https:\/\/www.cfea.com\/fr\/privee\/","og_locale":"fr_FR","og_type":"article","og_title":"Politique En Mati\u00e8re De Protection De La Vie Priv\u00e9e - l\u2019Association canadienne des exportateurs \u00e0 l\u2019alimentation","og_description":"Qui nous sommes L&#8217;adresse de notre site Web est : https:\/\/www.cfea.com Cookies : Lors de votre connexion, nous mettrons \u00e9galement en place plusieurs cookies pour enregistrer vos informations de connexion et vos choix d&#8217;affichage \u00e0 l&#8217;\u00e9cran. Les cookies de connexion durent deux jours et les cookies d&#8217;options d&#8217;\u00e9cran durent un an. Si vous s\u00e9lectionnez &#8220;Se [&hellip;]","og_url":"https:\/\/www.cfea.com\/fr\/privee\/","og_site_name":"l\u2019Association canadienne des exportateurs \u00e0 l\u2019alimentation","article_publisher":"https:\/\/www.facebook.com\/canadianfoodexportersassociation","article_modified_time":"2025-07-16T21:00:48+00:00","og_image":[{"width":1900,"height":1070,"url":"https:\/\/www.cfea.com\/wp-content\/uploads\/forillon.jpg","type":"image\/jpeg"}],"twitter_card":"summary_large_image","twitter_site":"@cfea","twitter_misc":{"Dur\u00e9e de lecture estim\u00e9e":"4 minutes"},"schema":{"@context":"https:\/\/schema.org","@graph":[{"@type":"WebPage","@id":"https:\/\/www.cfea.com\/fr\/privee\/","url":"https:\/\/www.cfea.com\/fr\/privee\/","name":"Politique En Mati\u00e8re De Protection De La Vie Priv\u00e9e - l\u2019Association canadienne des exportateurs \u00e0 l\u2019alimentation","isPartOf":{"@id":"https:\/\/www.cfea.com\/#website"},"primaryImageOfPage":{"@id":"https:\/\/www.cfea.com\/fr\/privee\/#primaryimage"},"image":{"@id":"https:\/\/www.cfea.com\/fr\/privee\/#primaryimage"},"thumbnailUrl":"https:\/\/www.cfea.com\/wp-content\/uploads\/forillon.jpg","datePublished":"2016-10-14T12:24:58+00:00","dateModified":"2025-07-16T21:00:48+00:00","breadcrumb":{"@id":"https:\/\/www.cfea.com\/fr\/privee\/#breadcrumb"},"inLanguage":"fr-FR","potentialAction":[{"@type":"ReadAction","target":["https:\/\/www.cfea.com\/fr\/privee\/"]}]},{"@type":"ImageObject","inLanguage":"fr-FR","@id":"https:\/\/www.cfea.com\/fr\/privee\/#primaryimage","url":"https:\/\/www.cfea.com\/wp-content\/uploads\/forillon.jpg","contentUrl":"https:\/\/www.cfea.com\/wp-content\/uploads\/forillon.jpg","width":1900,"height":1070},{"@type":"BreadcrumbList","@id":"https:\/\/www.cfea.com\/fr\/privee\/#breadcrumb","itemListElement":[{"@type":"ListItem","position":1,"name":"Accueil","item":"https:\/\/www.cfea.com\/fr\/"},{"@type":"ListItem","position":2,"name":"Politique En Mati\u00e8re De Protection De La Vie Priv\u00e9e"}]},{"@type":"WebSite","@id":"https:\/\/www.cfea.com\/#website","url":"https:\/\/www.cfea.com\/","name":"Canadian Food Exporters Association (CFEA)","description":"Your Gateway to the World!","publisher":{"@id":"https:\/\/www.cfea.com\/#organization"},"potentialAction":[{"@type":"SearchAction","target":{"@type":"EntryPoint","urlTemplate":"https:\/\/www.cfea.com\/?s={search_term_string}"},"query-input":{"@type":"PropertyValueSpecification","valueRequired":true,"valueName":"search_term_string"}}],"inLanguage":"fr-FR"},{"@type":"Organization","@id":"https:\/\/www.cfea.com\/#organization","name":"Canadian Food Exporters Association","url":"https:\/\/www.cfea.com\/","logo":{"@type":"ImageObject","inLanguage":"fr-FR","@id":"https:\/\/www.cfea.com\/#\/schema\/logo\/image\/","url":"https:\/\/www.cfea.com\/wp-content\/uploads\/cfea-logo-login.png","contentUrl":"https:\/\/www.cfea.com\/wp-content\/uploads\/cfea-logo-login.png","width":320,"height":120,"caption":"Canadian Food Exporters Association"},"image":{"@id":"https:\/\/www.cfea.com\/#\/schema\/logo\/image\/"},"sameAs":["https:\/\/www.facebook.com\/canadianfoodexportersassociation","https:\/\/x.com\/cfea","https:\/\/www.instagram.com\/cfeacdn\/","https:\/\/www.linkedin.com\/company\/cfeacdn\/"]}]}},"_links":{"self":[{"href":"https:\/\/www.cfea.com\/fr\/wp-json\/wp\/v2\/pages\/137","targetHints":{"allow":["GET"]}}],"collection":[{"href":"https:\/\/www.cfea.com\/fr\/wp-json\/wp\/v2\/pages"}],"about":[{"href":"https:\/\/www.cfea.com\/fr\/wp-json\/wp\/v2\/types\/page"}],"author":[{"embeddable":true,"href":"https:\/\/www.cfea.com\/fr\/wp-json\/wp\/v2\/users\/1"}],"replies":[{"embeddable":true,"href":"https:\/\/www.cfea.com\/fr\/wp-json\/wp\/v2\/comments?post=137"}],"version-history":[{"count":2,"href":"https:\/\/www.cfea.com\/fr\/wp-json\/wp\/v2\/pages\/137\/revisions"}],"predecessor-version":[{"id":167771,"href":"https:\/\/www.cfea.com\/fr\/wp-json\/wp\/v2\/pages\/137\/revisions\/167771"}],"wp:featuredmedia":[{"embeddable":true,"href":"https:\/\/www.cfea.com\/fr\/wp-json\/wp\/v2\/media\/127175"}],"wp:attachment":[{"href":"https:\/\/www.cfea.com\/fr\/wp-json\/wp\/v2\/media?parent=137"}],"curies":[{"name":"wp","href":"https:\/\/api.w.org\/{rel}","templated":true}]}}