{"id":138,"date":"2016-10-14T08:25:35","date_gmt":"2016-10-14T12:25:35","guid":{"rendered":"http:\/\/cfea.flywheelsites.com\/wp\/fr\/refund-policy\/"},"modified":"2025-08-11T14:24:43","modified_gmt":"2025-08-11T18:24:43","slug":"politiquederemboursement","status":"publish","type":"page","link":"https:\/\/www.cfea.com\/fr\/politiquederemboursement\/","title":{"rendered":"Politique de Remboursement"},"content":{"rendered":"<p>L&#8217;association canadienne des exportateurs \u00e0 l&#8217;alimentation (\u00ab ACEA \u00bb) offre certains services en cas d&#8217;achat via notre site internet. Voici notre politique de remboursement :<\/p>\n<h3>Adh\u00e9sion :<\/h3>\n<p>Une demande de r\u00e9tractation \u00e9crite doit \u00eatre soumise moins de 10 jours apr\u00e8s la signature afin d&#8217;\u00eatre rembours\u00e9 int\u00e9gralement, moins les frais de carte de cr\u00e9dit.<\/p>\n<h3>S\u00e9minaires et ateliers :<\/h3>\n<p>Les participants inscrits qui ne peuvent se rendre \u00e0 un \u00e9v\u00e9nement doivent envoyer une annulation \u00e9crite au plus tard 7 jours avant la date de l&#8217;\u00e9v\u00e9nement afin d&#8217;\u00eatre rembours\u00e9s int\u00e9gralement.<\/p>\n<h3>Lieu d&#8217;exposition :<\/h3>\n<p>Des frais de d\u00e9sistement de 750 $ s&#8217;appliquent si le lieu n&#8217;a pas \u00e9t\u00e9 choisi. Une fois le lieu d&#8217;exposition d\u00e9sign\u00e9, aucun remboursement ne sera accord\u00e9.<\/p>\n<h3>Missions d&#8217;\u00e9change :<\/h3>\n<p>Des frais de d\u00e9sistement de 350 $ par personne s&#8217;appliquent si les participants inscrits ne peuvent participer \u00e0 la mission.<\/p>\n<h3>Comment demander un remboursement :<\/h3>\n<p>Toutes les demandes de remboursement doivent \u00eatre re\u00e7ues par courrier, t\u00e9l\u00e9copie ou courriel.<\/p>\n<p>Si le paiement a \u00e9t\u00e9 fait par carte bancaire, le remboursement sera \u00e9mis vers la m\u00eame carte. Si le paiement s&#8217;est effectu\u00e9 par ch\u00e8que, le remboursement sera alors \u00e9mis par courrier.<\/p>\n<p>Au cas o\u00f9 vous avez d&#8217;autres questions ou inqui\u00e9tudes \u00e0 propos de notre politique de remboursement, veuillez nous contacter au 416-445-3747 ou envoyer un courriel \u00e0 <a href=\"mailto:info@cfea.com\">info@cfea.com<\/a><\/p>\n","protected":false},"excerpt":{"rendered":"<p>L&#8217;association canadienne des exportateurs \u00e0 l&#8217;alimentation (\u00ab ACEA \u00bb) offre certains services en cas d&#8217;achat via notre site internet. Voici notre politique de remboursement : Adh\u00e9sion : Une demande de r\u00e9tractation \u00e9crite doit \u00eatre soumise moins de 10 jours apr\u00e8s la signature afin d&#8217;\u00eatre rembours\u00e9 int\u00e9gralement, moins les frais de carte de cr\u00e9dit. S\u00e9minaires et [&hellip;]<\/p>\n","protected":false},"author":1,"featured_media":29813,"parent":0,"menu_order":36,"comment_status":"closed","ping_status":"closed","template":"","meta":{"_acf_changed":false,"footnotes":""},"class_list":["post-138","page","type-page","status-publish","has-post-thumbnail","hentry"],"acf":[],"yoast_head":"<!-- This site is optimized with the Yoast SEO plugin v27.4 - https:\/\/yoast.com\/product\/yoast-seo-wordpress\/ -->\n<title>Politique de Remboursement - l\u2019Association canadienne des exportateurs \u00e0 l\u2019alimentation<\/title>\n<meta name=\"robots\" content=\"index, follow, max-snippet:-1, max-image-preview:large, max-video-preview:-1\" \/>\n<link rel=\"canonical\" href=\"https:\/\/www.cfea.com\/fr\/politiquederemboursement\/\" \/>\n<meta property=\"og:locale\" content=\"fr_FR\" \/>\n<meta property=\"og:type\" content=\"article\" \/>\n<meta property=\"og:title\" content=\"Politique de Remboursement - l\u2019Association canadienne des exportateurs \u00e0 l\u2019alimentation\" \/>\n<meta property=\"og:description\" content=\"L&#8217;association canadienne des exportateurs \u00e0 l&#8217;alimentation (\u00ab ACEA \u00bb) offre certains services en cas d&#8217;achat via notre site internet. Voici notre politique de remboursement : Adh\u00e9sion : Une demande de r\u00e9tractation \u00e9crite doit \u00eatre soumise moins de 10 jours apr\u00e8s la signature afin d&#8217;\u00eatre rembours\u00e9 int\u00e9gralement, moins les frais de carte de cr\u00e9dit. S\u00e9minaires et [&hellip;]\" \/>\n<meta property=\"og:url\" content=\"https:\/\/www.cfea.com\/fr\/politiquederemboursement\/\" \/>\n<meta property=\"og:site_name\" content=\"l\u2019Association canadienne des exportateurs \u00e0 l\u2019alimentation\" \/>\n<meta property=\"article:publisher\" content=\"https:\/\/www.facebook.com\/canadianfoodexportersassociation\" \/>\n<meta property=\"article:modified_time\" content=\"2025-08-11T18:24:43+00:00\" \/>\n<meta property=\"og:image\" content=\"https:\/\/www.cfea.com\/wp-content\/uploads\/mapleharvesting.jpg\" \/>\n\t<meta property=\"og:image:width\" content=\"1900\" \/>\n\t<meta property=\"og:image:height\" content=\"1070\" \/>\n\t<meta property=\"og:image:type\" content=\"image\/jpeg\" \/>\n<meta name=\"twitter:card\" content=\"summary_large_image\" \/>\n<meta name=\"twitter:site\" content=\"@cfea\" \/>\n<meta name=\"twitter:label1\" content=\"Dur\u00e9e de lecture estim\u00e9e\" \/>\n\t<meta name=\"twitter:data1\" content=\"2 minutes\" \/>\n<script type=\"application\/ld+json\" class=\"yoast-schema-graph\">{\"@context\":\"https:\\\/\\\/schema.org\",\"@graph\":[{\"@type\":\"WebPage\",\"@id\":\"https:\\\/\\\/www.cfea.com\\\/fr\\\/politiquederemboursement\\\/\",\"url\":\"https:\\\/\\\/www.cfea.com\\\/fr\\\/politiquederemboursement\\\/\",\"name\":\"Politique de Remboursement - l\u2019Association canadienne des exportateurs \u00e0 l\u2019alimentation\",\"isPartOf\":{\"@id\":\"https:\\\/\\\/www.cfea.com\\\/#website\"},\"primaryImageOfPage\":{\"@id\":\"https:\\\/\\\/www.cfea.com\\\/fr\\\/politiquederemboursement\\\/#primaryimage\"},\"image\":{\"@id\":\"https:\\\/\\\/www.cfea.com\\\/fr\\\/politiquederemboursement\\\/#primaryimage\"},\"thumbnailUrl\":\"https:\\\/\\\/www.cfea.com\\\/wp-content\\\/uploads\\\/mapleharvesting.jpg\",\"datePublished\":\"2016-10-14T12:25:35+00:00\",\"dateModified\":\"2025-08-11T18:24:43+00:00\",\"breadcrumb\":{\"@id\":\"https:\\\/\\\/www.cfea.com\\\/fr\\\/politiquederemboursement\\\/#breadcrumb\"},\"inLanguage\":\"fr-FR\",\"potentialAction\":[{\"@type\":\"ReadAction\",\"target\":[\"https:\\\/\\\/www.cfea.com\\\/fr\\\/politiquederemboursement\\\/\"]}]},{\"@type\":\"ImageObject\",\"inLanguage\":\"fr-FR\",\"@id\":\"https:\\\/\\\/www.cfea.com\\\/fr\\\/politiquederemboursement\\\/#primaryimage\",\"url\":\"https:\\\/\\\/www.cfea.com\\\/wp-content\\\/uploads\\\/mapleharvesting.jpg\",\"contentUrl\":\"https:\\\/\\\/www.cfea.com\\\/wp-content\\\/uploads\\\/mapleharvesting.jpg\",\"width\":1900,\"height\":1070,\"caption\":\"mapleharvest\"},{\"@type\":\"BreadcrumbList\",\"@id\":\"https:\\\/\\\/www.cfea.com\\\/fr\\\/politiquederemboursement\\\/#breadcrumb\",\"itemListElement\":[{\"@type\":\"ListItem\",\"position\":1,\"name\":\"Accueil\",\"item\":\"https:\\\/\\\/www.cfea.com\\\/fr\\\/\"},{\"@type\":\"ListItem\",\"position\":2,\"name\":\"Politique de Remboursement\"}]},{\"@type\":\"WebSite\",\"@id\":\"https:\\\/\\\/www.cfea.com\\\/#website\",\"url\":\"https:\\\/\\\/www.cfea.com\\\/\",\"name\":\"Canadian Food Exporters Association (CFEA)\",\"description\":\"Your Gateway to the World!\",\"publisher\":{\"@id\":\"https:\\\/\\\/www.cfea.com\\\/#organization\"},\"potentialAction\":[{\"@type\":\"SearchAction\",\"target\":{\"@type\":\"EntryPoint\",\"urlTemplate\":\"https:\\\/\\\/www.cfea.com\\\/?s={search_term_string}\"},\"query-input\":{\"@type\":\"PropertyValueSpecification\",\"valueRequired\":true,\"valueName\":\"search_term_string\"}}],\"inLanguage\":\"fr-FR\"},{\"@type\":\"Organization\",\"@id\":\"https:\\\/\\\/www.cfea.com\\\/#organization\",\"name\":\"Canadian Food Exporters Association\",\"url\":\"https:\\\/\\\/www.cfea.com\\\/\",\"logo\":{\"@type\":\"ImageObject\",\"inLanguage\":\"fr-FR\",\"@id\":\"https:\\\/\\\/www.cfea.com\\\/#\\\/schema\\\/logo\\\/image\\\/\",\"url\":\"https:\\\/\\\/www.cfea.com\\\/wp-content\\\/uploads\\\/cfea-logo-login.png\",\"contentUrl\":\"https:\\\/\\\/www.cfea.com\\\/wp-content\\\/uploads\\\/cfea-logo-login.png\",\"width\":320,\"height\":120,\"caption\":\"Canadian Food Exporters Association\"},\"image\":{\"@id\":\"https:\\\/\\\/www.cfea.com\\\/#\\\/schema\\\/logo\\\/image\\\/\"},\"sameAs\":[\"https:\\\/\\\/www.facebook.com\\\/canadianfoodexportersassociation\",\"https:\\\/\\\/x.com\\\/cfea\",\"https:\\\/\\\/www.instagram.com\\\/cfeacdn\\\/\",\"https:\\\/\\\/www.linkedin.com\\\/company\\\/cfeacdn\\\/\"]}]}<\/script>\n<!-- \/ Yoast SEO plugin. -->","yoast_head_json":{"title":"Politique de Remboursement - l\u2019Association canadienne des exportateurs \u00e0 l\u2019alimentation","robots":{"index":"index","follow":"follow","max-snippet":"max-snippet:-1","max-image-preview":"max-image-preview:large","max-video-preview":"max-video-preview:-1"},"canonical":"https:\/\/www.cfea.com\/fr\/politiquederemboursement\/","og_locale":"fr_FR","og_type":"article","og_title":"Politique de Remboursement - l\u2019Association canadienne des exportateurs \u00e0 l\u2019alimentation","og_description":"L&#8217;association canadienne des exportateurs \u00e0 l&#8217;alimentation (\u00ab ACEA \u00bb) offre certains services en cas d&#8217;achat via notre site internet. Voici notre politique de remboursement : Adh\u00e9sion : Une demande de r\u00e9tractation \u00e9crite doit \u00eatre soumise moins de 10 jours apr\u00e8s la signature afin d&#8217;\u00eatre rembours\u00e9 int\u00e9gralement, moins les frais de carte de cr\u00e9dit. S\u00e9minaires et [&hellip;]","og_url":"https:\/\/www.cfea.com\/fr\/politiquederemboursement\/","og_site_name":"l\u2019Association canadienne des exportateurs \u00e0 l\u2019alimentation","article_publisher":"https:\/\/www.facebook.com\/canadianfoodexportersassociation","article_modified_time":"2025-08-11T18:24:43+00:00","og_image":[{"width":1900,"height":1070,"url":"https:\/\/www.cfea.com\/wp-content\/uploads\/mapleharvesting.jpg","type":"image\/jpeg"}],"twitter_card":"summary_large_image","twitter_site":"@cfea","twitter_misc":{"Dur\u00e9e de lecture estim\u00e9e":"2 minutes"},"schema":{"@context":"https:\/\/schema.org","@graph":[{"@type":"WebPage","@id":"https:\/\/www.cfea.com\/fr\/politiquederemboursement\/","url":"https:\/\/www.cfea.com\/fr\/politiquederemboursement\/","name":"Politique de Remboursement - l\u2019Association canadienne des exportateurs \u00e0 l\u2019alimentation","isPartOf":{"@id":"https:\/\/www.cfea.com\/#website"},"primaryImageOfPage":{"@id":"https:\/\/www.cfea.com\/fr\/politiquederemboursement\/#primaryimage"},"image":{"@id":"https:\/\/www.cfea.com\/fr\/politiquederemboursement\/#primaryimage"},"thumbnailUrl":"https:\/\/www.cfea.com\/wp-content\/uploads\/mapleharvesting.jpg","datePublished":"2016-10-14T12:25:35+00:00","dateModified":"2025-08-11T18:24:43+00:00","breadcrumb":{"@id":"https:\/\/www.cfea.com\/fr\/politiquederemboursement\/#breadcrumb"},"inLanguage":"fr-FR","potentialAction":[{"@type":"ReadAction","target":["https:\/\/www.cfea.com\/fr\/politiquederemboursement\/"]}]},{"@type":"ImageObject","inLanguage":"fr-FR","@id":"https:\/\/www.cfea.com\/fr\/politiquederemboursement\/#primaryimage","url":"https:\/\/www.cfea.com\/wp-content\/uploads\/mapleharvesting.jpg","contentUrl":"https:\/\/www.cfea.com\/wp-content\/uploads\/mapleharvesting.jpg","width":1900,"height":1070,"caption":"mapleharvest"},{"@type":"BreadcrumbList","@id":"https:\/\/www.cfea.com\/fr\/politiquederemboursement\/#breadcrumb","itemListElement":[{"@type":"ListItem","position":1,"name":"Accueil","item":"https:\/\/www.cfea.com\/fr\/"},{"@type":"ListItem","position":2,"name":"Politique de Remboursement"}]},{"@type":"WebSite","@id":"https:\/\/www.cfea.com\/#website","url":"https:\/\/www.cfea.com\/","name":"Canadian Food Exporters Association (CFEA)","description":"Your Gateway to the World!","publisher":{"@id":"https:\/\/www.cfea.com\/#organization"},"potentialAction":[{"@type":"SearchAction","target":{"@type":"EntryPoint","urlTemplate":"https:\/\/www.cfea.com\/?s={search_term_string}"},"query-input":{"@type":"PropertyValueSpecification","valueRequired":true,"valueName":"search_term_string"}}],"inLanguage":"fr-FR"},{"@type":"Organization","@id":"https:\/\/www.cfea.com\/#organization","name":"Canadian Food Exporters Association","url":"https:\/\/www.cfea.com\/","logo":{"@type":"ImageObject","inLanguage":"fr-FR","@id":"https:\/\/www.cfea.com\/#\/schema\/logo\/image\/","url":"https:\/\/www.cfea.com\/wp-content\/uploads\/cfea-logo-login.png","contentUrl":"https:\/\/www.cfea.com\/wp-content\/uploads\/cfea-logo-login.png","width":320,"height":120,"caption":"Canadian Food Exporters Association"},"image":{"@id":"https:\/\/www.cfea.com\/#\/schema\/logo\/image\/"},"sameAs":["https:\/\/www.facebook.com\/canadianfoodexportersassociation","https:\/\/x.com\/cfea","https:\/\/www.instagram.com\/cfeacdn\/","https:\/\/www.linkedin.com\/company\/cfeacdn\/"]}]}},"_links":{"self":[{"href":"https:\/\/www.cfea.com\/fr\/wp-json\/wp\/v2\/pages\/138","targetHints":{"allow":["GET"]}}],"collection":[{"href":"https:\/\/www.cfea.com\/fr\/wp-json\/wp\/v2\/pages"}],"about":[{"href":"https:\/\/www.cfea.com\/fr\/wp-json\/wp\/v2\/types\/page"}],"author":[{"embeddable":true,"href":"https:\/\/www.cfea.com\/fr\/wp-json\/wp\/v2\/users\/1"}],"replies":[{"embeddable":true,"href":"https:\/\/www.cfea.com\/fr\/wp-json\/wp\/v2\/comments?post=138"}],"version-history":[{"count":4,"href":"https:\/\/www.cfea.com\/fr\/wp-json\/wp\/v2\/pages\/138\/revisions"}],"predecessor-version":[{"id":168359,"href":"https:\/\/www.cfea.com\/fr\/wp-json\/wp\/v2\/pages\/138\/revisions\/168359"}],"wp:featuredmedia":[{"embeddable":true,"href":"https:\/\/www.cfea.com\/fr\/wp-json\/wp\/v2\/media\/29813"}],"wp:attachment":[{"href":"https:\/\/www.cfea.com\/fr\/wp-json\/wp\/v2\/media?parent=138"}],"curies":[{"name":"wp","href":"https:\/\/api.w.org\/{rel}","templated":true}]}}