{"id":139,"date":"2016-10-14T08:25:11","date_gmt":"2016-10-14T12:25:11","guid":{"rendered":"http:\/\/cfea.flywheelsites.com\/wp\/fr\/disclaimer\/"},"modified":"2018-08-01T08:21:39","modified_gmt":"2018-08-01T12:21:39","slug":"avertissement","status":"publish","type":"page","link":"https:\/\/www.cfea.com\/fr\/avertissement\/","title":{"rendered":"Avertissement"},"content":{"rendered":"<h3>\u00c0 propos de notre site :<\/h3>\n<p>&nbsp;<\/p>\n<p>L&#8217;ASSOCIATION CANADIENNE DES EXPORTATEURS \u00c0 L&#8217;ALIMENTATION (\u00ab ACEA \u00bb) donne des informations \u00e0 ce site Internet (\u00ab site \u00bb) en tant que service compl\u00e9mentaire \u00e0 ses membres et aux autres utilisateurs d&#8217;Internet \u00e0 des fins informationnelles uniquement.<\/p>\n<p>Liens vers d&#8217;autres renseignements. L&#8217;ACEA donne des liens vers des sites tiers uniquement pour votre propre commodit\u00e9. Si vous utilisez ces liens, vous quittez ce site. Les sites li\u00e9s \u00e0 ce site ne sont pas sous le contr\u00f4le de l&#8217;ACEA et l&#8217;ACEA n&#8217;est responsable en aucun cas du contenu de ces sites ou des liens qui pourraient s&#8217;y trouver. Donc, l&#8217;ACEA n&#8217;approuve ni ne repr\u00e9sente ces sites, ou aucune information qui s&#8217;y trouve, ou les r\u00e9sultats qui pourraient \u00eatre obtenus en les utilisant. Ainsi, si vous d\u00e9cidez d&#8217;aller sur l&#8217;un de ces sites tiers li\u00e9s \u00e0 ce site, vous le faites en toute connaissance de cause \u00e0 vos propres risques et p\u00e9rils.<\/p>\n<p>Avertissement. LES INFORMATIONS FOURNIES \u00c0 CE SITE LE SONT \u00ab TELLES QUELLES \u00bb SANS AUCUNE GARANTIE, EXPLICITE OU IMPLICITE. Les informations de ce site pourraient \u00eatre erron\u00e9es, incompl\u00e8tes ou p\u00e9rim\u00e9es. L&#8217;ACEA ne s&#8217;engage pas \u00e0 corriger ou \u00e0 mettre \u00e0 jour les informations.<\/p>\n<p>D\u00e9menti d&#8217;appui : Toute r\u00e9f\u00e9rence ci-apr\u00e8s \u00e0 tout produit commercial sp\u00e9cifique, tout proc\u00e9d\u00e9, ou service par nom de marque, marque, fabricant, ou autre, ne constitue pas n\u00e9cessairement ou n&#8217;implique pas l&#8217;appui, la recommandation ou la pr\u00e9f\u00e9rence de l&#8217;ACEA.<\/p>\n<p>Exclusion de responsabilit\u00e9. EN AUCUN CAS L&#8217;ACEA, SES MEMBRES, OU TOUT AUTRE TIERS MENTIONN\u00c9 DANS CE SITE NE SONT RESPONSABLES DES D\u00c9G\u00c2TS QUELS QU&#8217;ILS SOIENT (Y COMPRIS NOTAMMENT, CEUX R\u00c9SULTANT DE PERTES DE PROFITS, DE DONN\u00c9ES OU DES PERTES D&#8217;EXPLOITATION) D\u00c9COULANT DE L&#8217;UTILISATION OU DES CONS\u00c9QUENCES DE L&#8217;UTILISATION DE CE SITE, DE N&#8217;IMPORTE QUEL SITE LI\u00c9 \u00c0 CE SITE OU DES INFORMATIONS OU DE LA DOCUMENTATION CONTENUES DANS L&#8217;UN OU TOUS CES SITES.<\/p>\n","protected":false},"excerpt":{"rendered":"<p>\u00c0 propos de notre site : &nbsp; L&#8217;ASSOCIATION CANADIENNE DES EXPORTATEURS \u00c0 L&#8217;ALIMENTATION (\u00ab ACEA \u00bb) donne des informations \u00e0 ce site Internet (\u00ab site \u00bb) en tant que service compl\u00e9mentaire \u00e0 ses membres et aux autres utilisateurs d&#8217;Internet \u00e0 des fins informationnelles uniquement. Liens vers d&#8217;autres renseignements. L&#8217;ACEA donne des liens vers des sites [&hellip;]<\/p>\n","protected":false},"author":1,"featured_media":66966,"parent":0,"menu_order":37,"comment_status":"closed","ping_status":"closed","template":"","meta":{"_acf_changed":false,"footnotes":""},"class_list":["post-139","page","type-page","status-publish","has-post-thumbnail","hentry"],"acf":[],"yoast_head":"<!-- This site is optimized with the Yoast SEO plugin v27.4 - https:\/\/yoast.com\/product\/yoast-seo-wordpress\/ -->\n<title>Avertissement - l\u2019Association canadienne des exportateurs \u00e0 l\u2019alimentation<\/title>\n<meta name=\"robots\" content=\"index, follow, max-snippet:-1, max-image-preview:large, max-video-preview:-1\" \/>\n<link rel=\"canonical\" href=\"https:\/\/www.cfea.com\/fr\/avertissement\/\" \/>\n<meta property=\"og:locale\" content=\"fr_FR\" \/>\n<meta property=\"og:type\" content=\"article\" \/>\n<meta property=\"og:title\" content=\"Avertissement - l\u2019Association canadienne des exportateurs \u00e0 l\u2019alimentation\" \/>\n<meta property=\"og:description\" content=\"\u00c0 propos de notre site : &nbsp; L&#8217;ASSOCIATION CANADIENNE DES EXPORTATEURS \u00c0 L&#8217;ALIMENTATION (\u00ab ACEA \u00bb) donne des informations \u00e0 ce site Internet (\u00ab site \u00bb) en tant que service compl\u00e9mentaire \u00e0 ses membres et aux autres utilisateurs d&#8217;Internet \u00e0 des fins informationnelles uniquement. Liens vers d&#8217;autres renseignements. L&#8217;ACEA donne des liens vers des sites [&hellip;]\" \/>\n<meta property=\"og:url\" content=\"https:\/\/www.cfea.com\/fr\/avertissement\/\" \/>\n<meta property=\"og:site_name\" content=\"l\u2019Association canadienne des exportateurs \u00e0 l\u2019alimentation\" \/>\n<meta property=\"article:publisher\" content=\"https:\/\/www.facebook.com\/canadianfoodexportersassociation\" \/>\n<meta property=\"article:modified_time\" content=\"2018-08-01T12:21:39+00:00\" \/>\n<meta property=\"og:image\" content=\"https:\/\/www.cfea.com\/wp-content\/uploads\/GaribaldiNearWhistler.jpg\" \/>\n\t<meta property=\"og:image:width\" content=\"1900\" \/>\n\t<meta property=\"og:image:height\" content=\"1070\" \/>\n\t<meta property=\"og:image:type\" content=\"image\/jpeg\" \/>\n<meta name=\"twitter:card\" content=\"summary_large_image\" \/>\n<meta name=\"twitter:site\" content=\"@cfea\" \/>\n<meta name=\"twitter:label1\" content=\"Dur\u00e9e de lecture estim\u00e9e\" \/>\n\t<meta name=\"twitter:data1\" content=\"2 minutes\" \/>\n<script type=\"application\/ld+json\" class=\"yoast-schema-graph\">{\"@context\":\"https:\\\/\\\/schema.org\",\"@graph\":[{\"@type\":\"WebPage\",\"@id\":\"https:\\\/\\\/www.cfea.com\\\/fr\\\/avertissement\\\/\",\"url\":\"https:\\\/\\\/www.cfea.com\\\/fr\\\/avertissement\\\/\",\"name\":\"Avertissement - l\u2019Association canadienne des exportateurs \u00e0 l\u2019alimentation\",\"isPartOf\":{\"@id\":\"https:\\\/\\\/www.cfea.com\\\/#website\"},\"primaryImageOfPage\":{\"@id\":\"https:\\\/\\\/www.cfea.com\\\/fr\\\/avertissement\\\/#primaryimage\"},\"image\":{\"@id\":\"https:\\\/\\\/www.cfea.com\\\/fr\\\/avertissement\\\/#primaryimage\"},\"thumbnailUrl\":\"https:\\\/\\\/www.cfea.com\\\/wp-content\\\/uploads\\\/GaribaldiNearWhistler.jpg\",\"datePublished\":\"2016-10-14T12:25:11+00:00\",\"dateModified\":\"2018-08-01T12:21:39+00:00\",\"breadcrumb\":{\"@id\":\"https:\\\/\\\/www.cfea.com\\\/fr\\\/avertissement\\\/#breadcrumb\"},\"inLanguage\":\"fr-FR\",\"potentialAction\":[{\"@type\":\"ReadAction\",\"target\":[\"https:\\\/\\\/www.cfea.com\\\/fr\\\/avertissement\\\/\"]}]},{\"@type\":\"ImageObject\",\"inLanguage\":\"fr-FR\",\"@id\":\"https:\\\/\\\/www.cfea.com\\\/fr\\\/avertissement\\\/#primaryimage\",\"url\":\"https:\\\/\\\/www.cfea.com\\\/wp-content\\\/uploads\\\/GaribaldiNearWhistler.jpg\",\"contentUrl\":\"https:\\\/\\\/www.cfea.com\\\/wp-content\\\/uploads\\\/GaribaldiNearWhistler.jpg\",\"width\":1900,\"height\":1070},{\"@type\":\"BreadcrumbList\",\"@id\":\"https:\\\/\\\/www.cfea.com\\\/fr\\\/avertissement\\\/#breadcrumb\",\"itemListElement\":[{\"@type\":\"ListItem\",\"position\":1,\"name\":\"Accueil\",\"item\":\"https:\\\/\\\/www.cfea.com\\\/fr\\\/\"},{\"@type\":\"ListItem\",\"position\":2,\"name\":\"Avertissement\"}]},{\"@type\":\"WebSite\",\"@id\":\"https:\\\/\\\/www.cfea.com\\\/#website\",\"url\":\"https:\\\/\\\/www.cfea.com\\\/\",\"name\":\"Canadian Food Exporters Association (CFEA)\",\"description\":\"Your Gateway to the World!\",\"publisher\":{\"@id\":\"https:\\\/\\\/www.cfea.com\\\/#organization\"},\"potentialAction\":[{\"@type\":\"SearchAction\",\"target\":{\"@type\":\"EntryPoint\",\"urlTemplate\":\"https:\\\/\\\/www.cfea.com\\\/?s={search_term_string}\"},\"query-input\":{\"@type\":\"PropertyValueSpecification\",\"valueRequired\":true,\"valueName\":\"search_term_string\"}}],\"inLanguage\":\"fr-FR\"},{\"@type\":\"Organization\",\"@id\":\"https:\\\/\\\/www.cfea.com\\\/#organization\",\"name\":\"Canadian Food Exporters Association\",\"url\":\"https:\\\/\\\/www.cfea.com\\\/\",\"logo\":{\"@type\":\"ImageObject\",\"inLanguage\":\"fr-FR\",\"@id\":\"https:\\\/\\\/www.cfea.com\\\/#\\\/schema\\\/logo\\\/image\\\/\",\"url\":\"https:\\\/\\\/www.cfea.com\\\/wp-content\\\/uploads\\\/cfea-logo-login.png\",\"contentUrl\":\"https:\\\/\\\/www.cfea.com\\\/wp-content\\\/uploads\\\/cfea-logo-login.png\",\"width\":320,\"height\":120,\"caption\":\"Canadian Food Exporters Association\"},\"image\":{\"@id\":\"https:\\\/\\\/www.cfea.com\\\/#\\\/schema\\\/logo\\\/image\\\/\"},\"sameAs\":[\"https:\\\/\\\/www.facebook.com\\\/canadianfoodexportersassociation\",\"https:\\\/\\\/x.com\\\/cfea\",\"https:\\\/\\\/www.instagram.com\\\/cfeacdn\\\/\",\"https:\\\/\\\/www.linkedin.com\\\/company\\\/cfeacdn\\\/\"]}]}<\/script>\n<!-- \/ Yoast SEO plugin. -->","yoast_head_json":{"title":"Avertissement - l\u2019Association canadienne des exportateurs \u00e0 l\u2019alimentation","robots":{"index":"index","follow":"follow","max-snippet":"max-snippet:-1","max-image-preview":"max-image-preview:large","max-video-preview":"max-video-preview:-1"},"canonical":"https:\/\/www.cfea.com\/fr\/avertissement\/","og_locale":"fr_FR","og_type":"article","og_title":"Avertissement - l\u2019Association canadienne des exportateurs \u00e0 l\u2019alimentation","og_description":"\u00c0 propos de notre site : &nbsp; L&#8217;ASSOCIATION CANADIENNE DES EXPORTATEURS \u00c0 L&#8217;ALIMENTATION (\u00ab ACEA \u00bb) donne des informations \u00e0 ce site Internet (\u00ab site \u00bb) en tant que service compl\u00e9mentaire \u00e0 ses membres et aux autres utilisateurs d&#8217;Internet \u00e0 des fins informationnelles uniquement. Liens vers d&#8217;autres renseignements. L&#8217;ACEA donne des liens vers des sites [&hellip;]","og_url":"https:\/\/www.cfea.com\/fr\/avertissement\/","og_site_name":"l\u2019Association canadienne des exportateurs \u00e0 l\u2019alimentation","article_publisher":"https:\/\/www.facebook.com\/canadianfoodexportersassociation","article_modified_time":"2018-08-01T12:21:39+00:00","og_image":[{"width":1900,"height":1070,"url":"https:\/\/www.cfea.com\/wp-content\/uploads\/GaribaldiNearWhistler.jpg","type":"image\/jpeg"}],"twitter_card":"summary_large_image","twitter_site":"@cfea","twitter_misc":{"Dur\u00e9e de lecture estim\u00e9e":"2 minutes"},"schema":{"@context":"https:\/\/schema.org","@graph":[{"@type":"WebPage","@id":"https:\/\/www.cfea.com\/fr\/avertissement\/","url":"https:\/\/www.cfea.com\/fr\/avertissement\/","name":"Avertissement - l\u2019Association canadienne des exportateurs \u00e0 l\u2019alimentation","isPartOf":{"@id":"https:\/\/www.cfea.com\/#website"},"primaryImageOfPage":{"@id":"https:\/\/www.cfea.com\/fr\/avertissement\/#primaryimage"},"image":{"@id":"https:\/\/www.cfea.com\/fr\/avertissement\/#primaryimage"},"thumbnailUrl":"https:\/\/www.cfea.com\/wp-content\/uploads\/GaribaldiNearWhistler.jpg","datePublished":"2016-10-14T12:25:11+00:00","dateModified":"2018-08-01T12:21:39+00:00","breadcrumb":{"@id":"https:\/\/www.cfea.com\/fr\/avertissement\/#breadcrumb"},"inLanguage":"fr-FR","potentialAction":[{"@type":"ReadAction","target":["https:\/\/www.cfea.com\/fr\/avertissement\/"]}]},{"@type":"ImageObject","inLanguage":"fr-FR","@id":"https:\/\/www.cfea.com\/fr\/avertissement\/#primaryimage","url":"https:\/\/www.cfea.com\/wp-content\/uploads\/GaribaldiNearWhistler.jpg","contentUrl":"https:\/\/www.cfea.com\/wp-content\/uploads\/GaribaldiNearWhistler.jpg","width":1900,"height":1070},{"@type":"BreadcrumbList","@id":"https:\/\/www.cfea.com\/fr\/avertissement\/#breadcrumb","itemListElement":[{"@type":"ListItem","position":1,"name":"Accueil","item":"https:\/\/www.cfea.com\/fr\/"},{"@type":"ListItem","position":2,"name":"Avertissement"}]},{"@type":"WebSite","@id":"https:\/\/www.cfea.com\/#website","url":"https:\/\/www.cfea.com\/","name":"Canadian Food Exporters Association (CFEA)","description":"Your Gateway to the World!","publisher":{"@id":"https:\/\/www.cfea.com\/#organization"},"potentialAction":[{"@type":"SearchAction","target":{"@type":"EntryPoint","urlTemplate":"https:\/\/www.cfea.com\/?s={search_term_string}"},"query-input":{"@type":"PropertyValueSpecification","valueRequired":true,"valueName":"search_term_string"}}],"inLanguage":"fr-FR"},{"@type":"Organization","@id":"https:\/\/www.cfea.com\/#organization","name":"Canadian Food Exporters Association","url":"https:\/\/www.cfea.com\/","logo":{"@type":"ImageObject","inLanguage":"fr-FR","@id":"https:\/\/www.cfea.com\/#\/schema\/logo\/image\/","url":"https:\/\/www.cfea.com\/wp-content\/uploads\/cfea-logo-login.png","contentUrl":"https:\/\/www.cfea.com\/wp-content\/uploads\/cfea-logo-login.png","width":320,"height":120,"caption":"Canadian Food Exporters Association"},"image":{"@id":"https:\/\/www.cfea.com\/#\/schema\/logo\/image\/"},"sameAs":["https:\/\/www.facebook.com\/canadianfoodexportersassociation","https:\/\/x.com\/cfea","https:\/\/www.instagram.com\/cfeacdn\/","https:\/\/www.linkedin.com\/company\/cfeacdn\/"]}]}},"_links":{"self":[{"href":"https:\/\/www.cfea.com\/fr\/wp-json\/wp\/v2\/pages\/139","targetHints":{"allow":["GET"]}}],"collection":[{"href":"https:\/\/www.cfea.com\/fr\/wp-json\/wp\/v2\/pages"}],"about":[{"href":"https:\/\/www.cfea.com\/fr\/wp-json\/wp\/v2\/types\/page"}],"author":[{"embeddable":true,"href":"https:\/\/www.cfea.com\/fr\/wp-json\/wp\/v2\/users\/1"}],"replies":[{"embeddable":true,"href":"https:\/\/www.cfea.com\/fr\/wp-json\/wp\/v2\/comments?post=139"}],"version-history":[{"count":0,"href":"https:\/\/www.cfea.com\/fr\/wp-json\/wp\/v2\/pages\/139\/revisions"}],"wp:featuredmedia":[{"embeddable":true,"href":"https:\/\/www.cfea.com\/fr\/wp-json\/wp\/v2\/media\/66966"}],"wp:attachment":[{"href":"https:\/\/www.cfea.com\/fr\/wp-json\/wp\/v2\/media?parent=139"}],"curies":[{"name":"wp","href":"https:\/\/api.w.org\/{rel}","templated":true}]}}