{"id":140,"date":"2016-10-20T07:28:25","date_gmt":"2016-10-20T11:28:25","guid":{"rendered":"http:\/\/cfea.flywheelsites.com\/wp\/fr\/application-payment\/"},"modified":"2025-08-25T00:45:39","modified_gmt":"2025-08-25T04:45:39","slug":"application-payment","status":"publish","type":"page","link":"https:\/\/www.cfea.com\/fr\/application-payment\/","title":{"rendered":"Payment (french)"},"content":{"rendered":"<p>Cliquez sur le bouton pour acc\u00e9der \u00e0 notre page de traitement de carte de cr\u00e9dit en ligne pour soumettre votre paiement.<\/p>\n","protected":false},"excerpt":{"rendered":"<p>Cliquez sur le bouton pour acc\u00e9der \u00e0 notre page de traitement de carte de cr\u00e9dit en ligne pour soumettre votre paiement.<\/p>\n","protected":false},"author":1,"featured_media":0,"parent":0,"menu_order":39,"comment_status":"closed","ping_status":"closed","template":"","meta":{"_acf_changed":false,"footnotes":""},"class_list":["post-140","page","type-page","status-publish","hentry"],"acf":[],"yoast_head":"<!-- This site is optimized with the Yoast SEO plugin v27.5 - https:\/\/yoast.com\/product\/yoast-seo-wordpress\/ -->\n<title>Payment (french) - l\u2019Association canadienne des exportateurs \u00e0 l\u2019alimentation<\/title>\n<meta name=\"robots\" content=\"noindex, follow\" \/>\n<meta property=\"og:locale\" content=\"fr_FR\" \/>\n<meta property=\"og:type\" content=\"article\" \/>\n<meta property=\"og:title\" content=\"Payment (french) - l\u2019Association canadienne des exportateurs \u00e0 l\u2019alimentation\" \/>\n<meta property=\"og:description\" content=\"Cliquez sur le bouton pour acc\u00e9der \u00e0 notre page de traitement de carte de cr\u00e9dit en ligne pour soumettre votre paiement.\" \/>\n<meta property=\"og:url\" content=\"https:\/\/www.cfea.com\/fr\/application-payment\/\" \/>\n<meta property=\"og:site_name\" content=\"l\u2019Association canadienne des exportateurs \u00e0 l\u2019alimentation\" \/>\n<meta property=\"article:publisher\" content=\"https:\/\/www.facebook.com\/canadianfoodexportersassociation\" \/>\n<meta property=\"article:modified_time\" content=\"2025-08-25T04:45:39+00:00\" \/>\n<meta name=\"twitter:card\" content=\"summary_large_image\" \/>\n<meta name=\"twitter:site\" content=\"@cfea\" \/>\n<meta name=\"twitter:label1\" content=\"Dur\u00e9e de lecture estim\u00e9e\" \/>\n\t<meta name=\"twitter:data1\" content=\"1 minute\" \/>\n<script type=\"application\/ld+json\" class=\"yoast-schema-graph\">{\"@context\":\"https:\\\/\\\/schema.org\",\"@graph\":[{\"@type\":\"WebPage\",\"@id\":\"https:\\\/\\\/www.cfea.com\\\/fr\\\/application-payment\\\/\",\"url\":\"https:\\\/\\\/www.cfea.com\\\/fr\\\/application-payment\\\/\",\"name\":\"Payment (french) - l\u2019Association canadienne des exportateurs \u00e0 l\u2019alimentation\",\"isPartOf\":{\"@id\":\"https:\\\/\\\/www.cfea.com\\\/#website\"},\"datePublished\":\"2016-10-20T11:28:25+00:00\",\"dateModified\":\"2025-08-25T04:45:39+00:00\",\"breadcrumb\":{\"@id\":\"https:\\\/\\\/www.cfea.com\\\/fr\\\/application-payment\\\/#breadcrumb\"},\"inLanguage\":\"fr-FR\",\"potentialAction\":[{\"@type\":\"ReadAction\",\"target\":[\"https:\\\/\\\/www.cfea.com\\\/fr\\\/application-payment\\\/\"]}]},{\"@type\":\"BreadcrumbList\",\"@id\":\"https:\\\/\\\/www.cfea.com\\\/fr\\\/application-payment\\\/#breadcrumb\",\"itemListElement\":[{\"@type\":\"ListItem\",\"position\":1,\"name\":\"Accueil\",\"item\":\"https:\\\/\\\/www.cfea.com\\\/fr\\\/\"},{\"@type\":\"ListItem\",\"position\":2,\"name\":\"Payment (french)\"}]},{\"@type\":\"WebSite\",\"@id\":\"https:\\\/\\\/www.cfea.com\\\/#website\",\"url\":\"https:\\\/\\\/www.cfea.com\\\/\",\"name\":\"Canadian Food Exporters Association (CFEA)\",\"description\":\"Your Gateway to the World!\",\"publisher\":{\"@id\":\"https:\\\/\\\/www.cfea.com\\\/#organization\"},\"potentialAction\":[{\"@type\":\"SearchAction\",\"target\":{\"@type\":\"EntryPoint\",\"urlTemplate\":\"https:\\\/\\\/www.cfea.com\\\/?s={search_term_string}\"},\"query-input\":{\"@type\":\"PropertyValueSpecification\",\"valueRequired\":true,\"valueName\":\"search_term_string\"}}],\"inLanguage\":\"fr-FR\"},{\"@type\":\"Organization\",\"@id\":\"https:\\\/\\\/www.cfea.com\\\/#organization\",\"name\":\"Canadian Food Exporters Association\",\"url\":\"https:\\\/\\\/www.cfea.com\\\/\",\"logo\":{\"@type\":\"ImageObject\",\"inLanguage\":\"fr-FR\",\"@id\":\"https:\\\/\\\/www.cfea.com\\\/#\\\/schema\\\/logo\\\/image\\\/\",\"url\":\"https:\\\/\\\/www.cfea.com\\\/wp-content\\\/uploads\\\/cfea-logo-login.png\",\"contentUrl\":\"https:\\\/\\\/www.cfea.com\\\/wp-content\\\/uploads\\\/cfea-logo-login.png\",\"width\":320,\"height\":120,\"caption\":\"Canadian Food Exporters Association\"},\"image\":{\"@id\":\"https:\\\/\\\/www.cfea.com\\\/#\\\/schema\\\/logo\\\/image\\\/\"},\"sameAs\":[\"https:\\\/\\\/www.facebook.com\\\/canadianfoodexportersassociation\",\"https:\\\/\\\/x.com\\\/cfea\",\"https:\\\/\\\/www.instagram.com\\\/cfeacdn\\\/\",\"https:\\\/\\\/www.linkedin.com\\\/company\\\/cfeacdn\\\/\"]}]}<\/script>\n<!-- \/ Yoast SEO plugin. -->","yoast_head_json":{"title":"Payment (french) - l\u2019Association canadienne des exportateurs \u00e0 l\u2019alimentation","robots":{"index":"noindex","follow":"follow"},"og_locale":"fr_FR","og_type":"article","og_title":"Payment (french) - l\u2019Association canadienne des exportateurs \u00e0 l\u2019alimentation","og_description":"Cliquez sur le bouton pour acc\u00e9der \u00e0 notre page de traitement de carte de cr\u00e9dit en ligne pour soumettre votre paiement.","og_url":"https:\/\/www.cfea.com\/fr\/application-payment\/","og_site_name":"l\u2019Association canadienne des exportateurs \u00e0 l\u2019alimentation","article_publisher":"https:\/\/www.facebook.com\/canadianfoodexportersassociation","article_modified_time":"2025-08-25T04:45:39+00:00","twitter_card":"summary_large_image","twitter_site":"@cfea","twitter_misc":{"Dur\u00e9e de lecture estim\u00e9e":"1 minute"},"schema":{"@context":"https:\/\/schema.org","@graph":[{"@type":"WebPage","@id":"https:\/\/www.cfea.com\/fr\/application-payment\/","url":"https:\/\/www.cfea.com\/fr\/application-payment\/","name":"Payment (french) - l\u2019Association canadienne des exportateurs \u00e0 l\u2019alimentation","isPartOf":{"@id":"https:\/\/www.cfea.com\/#website"},"datePublished":"2016-10-20T11:28:25+00:00","dateModified":"2025-08-25T04:45:39+00:00","breadcrumb":{"@id":"https:\/\/www.cfea.com\/fr\/application-payment\/#breadcrumb"},"inLanguage":"fr-FR","potentialAction":[{"@type":"ReadAction","target":["https:\/\/www.cfea.com\/fr\/application-payment\/"]}]},{"@type":"BreadcrumbList","@id":"https:\/\/www.cfea.com\/fr\/application-payment\/#breadcrumb","itemListElement":[{"@type":"ListItem","position":1,"name":"Accueil","item":"https:\/\/www.cfea.com\/fr\/"},{"@type":"ListItem","position":2,"name":"Payment (french)"}]},{"@type":"WebSite","@id":"https:\/\/www.cfea.com\/#website","url":"https:\/\/www.cfea.com\/","name":"Canadian Food Exporters Association (CFEA)","description":"Your Gateway to the World!","publisher":{"@id":"https:\/\/www.cfea.com\/#organization"},"potentialAction":[{"@type":"SearchAction","target":{"@type":"EntryPoint","urlTemplate":"https:\/\/www.cfea.com\/?s={search_term_string}"},"query-input":{"@type":"PropertyValueSpecification","valueRequired":true,"valueName":"search_term_string"}}],"inLanguage":"fr-FR"},{"@type":"Organization","@id":"https:\/\/www.cfea.com\/#organization","name":"Canadian Food Exporters Association","url":"https:\/\/www.cfea.com\/","logo":{"@type":"ImageObject","inLanguage":"fr-FR","@id":"https:\/\/www.cfea.com\/#\/schema\/logo\/image\/","url":"https:\/\/www.cfea.com\/wp-content\/uploads\/cfea-logo-login.png","contentUrl":"https:\/\/www.cfea.com\/wp-content\/uploads\/cfea-logo-login.png","width":320,"height":120,"caption":"Canadian Food Exporters Association"},"image":{"@id":"https:\/\/www.cfea.com\/#\/schema\/logo\/image\/"},"sameAs":["https:\/\/www.facebook.com\/canadianfoodexportersassociation","https:\/\/x.com\/cfea","https:\/\/www.instagram.com\/cfeacdn\/","https:\/\/www.linkedin.com\/company\/cfeacdn\/"]}]}},"_links":{"self":[{"href":"https:\/\/www.cfea.com\/fr\/wp-json\/wp\/v2\/pages\/140","targetHints":{"allow":["GET"]}}],"collection":[{"href":"https:\/\/www.cfea.com\/fr\/wp-json\/wp\/v2\/pages"}],"about":[{"href":"https:\/\/www.cfea.com\/fr\/wp-json\/wp\/v2\/types\/page"}],"author":[{"embeddable":true,"href":"https:\/\/www.cfea.com\/fr\/wp-json\/wp\/v2\/users\/1"}],"replies":[{"embeddable":true,"href":"https:\/\/www.cfea.com\/fr\/wp-json\/wp\/v2\/comments?post=140"}],"version-history":[{"count":1,"href":"https:\/\/www.cfea.com\/fr\/wp-json\/wp\/v2\/pages\/140\/revisions"}],"predecessor-version":[{"id":168880,"href":"https:\/\/www.cfea.com\/fr\/wp-json\/wp\/v2\/pages\/140\/revisions\/168880"}],"wp:attachment":[{"href":"https:\/\/www.cfea.com\/fr\/wp-json\/wp\/v2\/media?parent=140"}],"curies":[{"name":"wp","href":"https:\/\/api.w.org\/{rel}","templated":true}]}}