{"id":141,"date":"2016-10-14T08:25:47","date_gmt":"2016-10-14T12:25:47","guid":{"rendered":"http:\/\/cfea.flywheelsites.com\/wp\/fr\/contact\/"},"modified":"2025-08-12T10:49:19","modified_gmt":"2025-08-12T14:49:19","slug":"contact","status":"publish","type":"page","link":"https:\/\/www.cfea.com\/fr\/contact\/","title":{"rendered":"Contact"},"content":{"rendered":"<div class=\"cfea_flex\">\n<div class=\"cfea_contact_us\">\n<h3>Comment prendre contact avec nous :<\/h3>\n<p>Vous pouvez prendre contact avec les repr\u00e9sentants de l&#8217;ACEA de plusieurs fa\u00e7ons :<\/p>\n<p><strong>Par courrier :<\/strong><br \/>\nAssociation canadienne des exportateurs \u00e0 l&#8217;alimentation<br \/>\n250 Queen Street, PO Box 1282, Port Perry (Ontario) L9L 1B9 Canada<\/p>\n<p><strong>Par t\u00e9l\u00e9phone :<\/strong><br \/>\n416-445-3747<\/p>\n<p><strong>Par courriell :<\/strong><br \/>\n<a href=\"mailto:info@cfea.com\">info@cfea.com<\/a><\/p>\n<p><strong>Rencontre en personne :<\/strong><br \/>\nSur rendez-vous uniquement<\/p>\n<\/div>\n<div class=\"cfea_map\"><iframe loading=\"lazy\" style=\"border: 0;\" src=\"https:\/\/www.google.com\/maps\/embed?pb=!1m18!1m12!1m3!1d2864.9882801522062!2d-78.94512879870962!3d44.1042338065111!2m3!1f0!2f0!3f0!3m2!1i1024!2i768!4f13.1!3m3!1m2!1s0x89d51413f2f3ae17%3A0xbe425b65e2373477!2s250%20Queen%20St%2C%20Port%20Perry%2C%20ON%20L9L%201B9%2C%20Canada!5e0!3m2!1sen!2sin!4v1753445519519!5m2!1sen!2sin\" width=\"600\" height=\"450\" allowfullscreen=\"allowfullscreen\"><\/iframe><\/div>\n<\/div>\n","protected":false},"excerpt":{"rendered":"<p>Comment prendre contact avec nous : Vous pouvez prendre contact avec les repr\u00e9sentants de l&#8217;ACEA de plusieurs fa\u00e7ons : Par courrier : Association canadienne des exportateurs \u00e0 l&#8217;alimentation 250 Queen Street, PO Box 1282, Port Perry (Ontario) L9L 1B9 Canada Par t\u00e9l\u00e9phone : 416-445-3747 Par courriell : info@cfea.com Rencontre en personne : Sur rendez-vous uniquement<\/p>\n","protected":false},"author":1,"featured_media":161894,"parent":0,"menu_order":39,"comment_status":"closed","ping_status":"closed","template":"","meta":{"_acf_changed":false,"footnotes":""},"class_list":["post-141","page","type-page","status-publish","has-post-thumbnail","hentry"],"acf":[],"yoast_head":"<!-- This site is optimized with the Yoast SEO plugin v27.3 - https:\/\/yoast.com\/product\/yoast-seo-wordpress\/ -->\n<title>Contact - l\u2019Association canadienne des exportateurs \u00e0 l\u2019alimentation<\/title>\n<meta name=\"robots\" content=\"index, follow, max-snippet:-1, max-image-preview:large, max-video-preview:-1\" \/>\n<link rel=\"canonical\" href=\"https:\/\/www.cfea.com\/fr\/contact\/\" \/>\n<meta property=\"og:locale\" content=\"fr_FR\" \/>\n<meta property=\"og:type\" content=\"article\" \/>\n<meta property=\"og:title\" content=\"Contact - l\u2019Association canadienne des exportateurs \u00e0 l\u2019alimentation\" \/>\n<meta property=\"og:description\" content=\"Comment prendre contact avec nous : Vous pouvez prendre contact avec les repr\u00e9sentants de l&#8217;ACEA de plusieurs fa\u00e7ons : Par courrier : Association canadienne des exportateurs \u00e0 l&#8217;alimentation 250 Queen Street, PO Box 1282, Port Perry (Ontario) L9L 1B9 Canada Par t\u00e9l\u00e9phone : 416-445-3747 Par courriell : info@cfea.com Rencontre en personne : Sur rendez-vous uniquement\" \/>\n<meta property=\"og:url\" content=\"https:\/\/www.cfea.com\/fr\/contact\/\" \/>\n<meta property=\"og:site_name\" content=\"l\u2019Association canadienne des exportateurs \u00e0 l\u2019alimentation\" \/>\n<meta property=\"article:publisher\" content=\"https:\/\/www.facebook.com\/canadianfoodexportersassociation\" \/>\n<meta property=\"article:modified_time\" content=\"2025-08-12T14:49:19+00:00\" \/>\n<meta property=\"og:image\" content=\"https:\/\/www.cfea.com\/wp-content\/uploads\/St-Johns-Newfoundland.jpg\" \/>\n\t<meta property=\"og:image:width\" content=\"1900\" \/>\n\t<meta property=\"og:image:height\" content=\"1070\" \/>\n\t<meta property=\"og:image:type\" content=\"image\/jpeg\" \/>\n<meta name=\"twitter:card\" content=\"summary_large_image\" \/>\n<meta name=\"twitter:site\" content=\"@cfea\" \/>\n<meta name=\"twitter:label1\" content=\"Dur\u00e9e de lecture estim\u00e9e\" \/>\n\t<meta name=\"twitter:data1\" content=\"1 minute\" \/>\n<script type=\"application\/ld+json\" class=\"yoast-schema-graph\">{\"@context\":\"https:\\\/\\\/schema.org\",\"@graph\":[{\"@type\":\"WebPage\",\"@id\":\"https:\\\/\\\/www.cfea.com\\\/fr\\\/contact\\\/\",\"url\":\"https:\\\/\\\/www.cfea.com\\\/fr\\\/contact\\\/\",\"name\":\"Contact - l\u2019Association canadienne des exportateurs \u00e0 l\u2019alimentation\",\"isPartOf\":{\"@id\":\"https:\\\/\\\/www.cfea.com\\\/#website\"},\"primaryImageOfPage\":{\"@id\":\"https:\\\/\\\/www.cfea.com\\\/fr\\\/contact\\\/#primaryimage\"},\"image\":{\"@id\":\"https:\\\/\\\/www.cfea.com\\\/fr\\\/contact\\\/#primaryimage\"},\"thumbnailUrl\":\"https:\\\/\\\/www.cfea.com\\\/wp-content\\\/uploads\\\/St-Johns-Newfoundland.jpg\",\"datePublished\":\"2016-10-14T12:25:47+00:00\",\"dateModified\":\"2025-08-12T14:49:19+00:00\",\"breadcrumb\":{\"@id\":\"https:\\\/\\\/www.cfea.com\\\/fr\\\/contact\\\/#breadcrumb\"},\"inLanguage\":\"fr-FR\",\"potentialAction\":[{\"@type\":\"ReadAction\",\"target\":[\"https:\\\/\\\/www.cfea.com\\\/fr\\\/contact\\\/\"]}]},{\"@type\":\"ImageObject\",\"inLanguage\":\"fr-FR\",\"@id\":\"https:\\\/\\\/www.cfea.com\\\/fr\\\/contact\\\/#primaryimage\",\"url\":\"https:\\\/\\\/www.cfea.com\\\/wp-content\\\/uploads\\\/St-Johns-Newfoundland.jpg\",\"contentUrl\":\"https:\\\/\\\/www.cfea.com\\\/wp-content\\\/uploads\\\/St-Johns-Newfoundland.jpg\",\"width\":1900,\"height\":1070},{\"@type\":\"BreadcrumbList\",\"@id\":\"https:\\\/\\\/www.cfea.com\\\/fr\\\/contact\\\/#breadcrumb\",\"itemListElement\":[{\"@type\":\"ListItem\",\"position\":1,\"name\":\"Accueil\",\"item\":\"https:\\\/\\\/www.cfea.com\\\/fr\\\/\"},{\"@type\":\"ListItem\",\"position\":2,\"name\":\"Contact\"}]},{\"@type\":\"WebSite\",\"@id\":\"https:\\\/\\\/www.cfea.com\\\/#website\",\"url\":\"https:\\\/\\\/www.cfea.com\\\/\",\"name\":\"Canadian Food Exporters Association (CFEA)\",\"description\":\"Your Gateway to the World!\",\"publisher\":{\"@id\":\"https:\\\/\\\/www.cfea.com\\\/#organization\"},\"potentialAction\":[{\"@type\":\"SearchAction\",\"target\":{\"@type\":\"EntryPoint\",\"urlTemplate\":\"https:\\\/\\\/www.cfea.com\\\/?s={search_term_string}\"},\"query-input\":{\"@type\":\"PropertyValueSpecification\",\"valueRequired\":true,\"valueName\":\"search_term_string\"}}],\"inLanguage\":\"fr-FR\"},{\"@type\":\"Organization\",\"@id\":\"https:\\\/\\\/www.cfea.com\\\/#organization\",\"name\":\"Canadian Food Exporters Association\",\"url\":\"https:\\\/\\\/www.cfea.com\\\/\",\"logo\":{\"@type\":\"ImageObject\",\"inLanguage\":\"fr-FR\",\"@id\":\"https:\\\/\\\/www.cfea.com\\\/#\\\/schema\\\/logo\\\/image\\\/\",\"url\":\"https:\\\/\\\/www.cfea.com\\\/wp-content\\\/uploads\\\/cfea-logo-login.png\",\"contentUrl\":\"https:\\\/\\\/www.cfea.com\\\/wp-content\\\/uploads\\\/cfea-logo-login.png\",\"width\":320,\"height\":120,\"caption\":\"Canadian Food Exporters Association\"},\"image\":{\"@id\":\"https:\\\/\\\/www.cfea.com\\\/#\\\/schema\\\/logo\\\/image\\\/\"},\"sameAs\":[\"https:\\\/\\\/www.facebook.com\\\/canadianfoodexportersassociation\",\"https:\\\/\\\/x.com\\\/cfea\",\"https:\\\/\\\/www.instagram.com\\\/cfeacdn\\\/\",\"https:\\\/\\\/www.linkedin.com\\\/company\\\/cfeacdn\\\/\"]}]}<\/script>\n<!-- \/ Yoast SEO plugin. -->","yoast_head_json":{"title":"Contact - l\u2019Association canadienne des exportateurs \u00e0 l\u2019alimentation","robots":{"index":"index","follow":"follow","max-snippet":"max-snippet:-1","max-image-preview":"max-image-preview:large","max-video-preview":"max-video-preview:-1"},"canonical":"https:\/\/www.cfea.com\/fr\/contact\/","og_locale":"fr_FR","og_type":"article","og_title":"Contact - l\u2019Association canadienne des exportateurs \u00e0 l\u2019alimentation","og_description":"Comment prendre contact avec nous : Vous pouvez prendre contact avec les repr\u00e9sentants de l&#8217;ACEA de plusieurs fa\u00e7ons : Par courrier : Association canadienne des exportateurs \u00e0 l&#8217;alimentation 250 Queen Street, PO Box 1282, Port Perry (Ontario) L9L 1B9 Canada Par t\u00e9l\u00e9phone : 416-445-3747 Par courriell : info@cfea.com Rencontre en personne : Sur rendez-vous uniquement","og_url":"https:\/\/www.cfea.com\/fr\/contact\/","og_site_name":"l\u2019Association canadienne des exportateurs \u00e0 l\u2019alimentation","article_publisher":"https:\/\/www.facebook.com\/canadianfoodexportersassociation","article_modified_time":"2025-08-12T14:49:19+00:00","og_image":[{"width":1900,"height":1070,"url":"https:\/\/www.cfea.com\/wp-content\/uploads\/St-Johns-Newfoundland.jpg","type":"image\/jpeg"}],"twitter_card":"summary_large_image","twitter_site":"@cfea","twitter_misc":{"Dur\u00e9e de lecture estim\u00e9e":"1 minute"},"schema":{"@context":"https:\/\/schema.org","@graph":[{"@type":"WebPage","@id":"https:\/\/www.cfea.com\/fr\/contact\/","url":"https:\/\/www.cfea.com\/fr\/contact\/","name":"Contact - l\u2019Association canadienne des exportateurs \u00e0 l\u2019alimentation","isPartOf":{"@id":"https:\/\/www.cfea.com\/#website"},"primaryImageOfPage":{"@id":"https:\/\/www.cfea.com\/fr\/contact\/#primaryimage"},"image":{"@id":"https:\/\/www.cfea.com\/fr\/contact\/#primaryimage"},"thumbnailUrl":"https:\/\/www.cfea.com\/wp-content\/uploads\/St-Johns-Newfoundland.jpg","datePublished":"2016-10-14T12:25:47+00:00","dateModified":"2025-08-12T14:49:19+00:00","breadcrumb":{"@id":"https:\/\/www.cfea.com\/fr\/contact\/#breadcrumb"},"inLanguage":"fr-FR","potentialAction":[{"@type":"ReadAction","target":["https:\/\/www.cfea.com\/fr\/contact\/"]}]},{"@type":"ImageObject","inLanguage":"fr-FR","@id":"https:\/\/www.cfea.com\/fr\/contact\/#primaryimage","url":"https:\/\/www.cfea.com\/wp-content\/uploads\/St-Johns-Newfoundland.jpg","contentUrl":"https:\/\/www.cfea.com\/wp-content\/uploads\/St-Johns-Newfoundland.jpg","width":1900,"height":1070},{"@type":"BreadcrumbList","@id":"https:\/\/www.cfea.com\/fr\/contact\/#breadcrumb","itemListElement":[{"@type":"ListItem","position":1,"name":"Accueil","item":"https:\/\/www.cfea.com\/fr\/"},{"@type":"ListItem","position":2,"name":"Contact"}]},{"@type":"WebSite","@id":"https:\/\/www.cfea.com\/#website","url":"https:\/\/www.cfea.com\/","name":"Canadian Food Exporters Association (CFEA)","description":"Your Gateway to the World!","publisher":{"@id":"https:\/\/www.cfea.com\/#organization"},"potentialAction":[{"@type":"SearchAction","target":{"@type":"EntryPoint","urlTemplate":"https:\/\/www.cfea.com\/?s={search_term_string}"},"query-input":{"@type":"PropertyValueSpecification","valueRequired":true,"valueName":"search_term_string"}}],"inLanguage":"fr-FR"},{"@type":"Organization","@id":"https:\/\/www.cfea.com\/#organization","name":"Canadian Food Exporters Association","url":"https:\/\/www.cfea.com\/","logo":{"@type":"ImageObject","inLanguage":"fr-FR","@id":"https:\/\/www.cfea.com\/#\/schema\/logo\/image\/","url":"https:\/\/www.cfea.com\/wp-content\/uploads\/cfea-logo-login.png","contentUrl":"https:\/\/www.cfea.com\/wp-content\/uploads\/cfea-logo-login.png","width":320,"height":120,"caption":"Canadian Food Exporters Association"},"image":{"@id":"https:\/\/www.cfea.com\/#\/schema\/logo\/image\/"},"sameAs":["https:\/\/www.facebook.com\/canadianfoodexportersassociation","https:\/\/x.com\/cfea","https:\/\/www.instagram.com\/cfeacdn\/","https:\/\/www.linkedin.com\/company\/cfeacdn\/"]}]}},"_links":{"self":[{"href":"https:\/\/www.cfea.com\/fr\/wp-json\/wp\/v2\/pages\/141","targetHints":{"allow":["GET"]}}],"collection":[{"href":"https:\/\/www.cfea.com\/fr\/wp-json\/wp\/v2\/pages"}],"about":[{"href":"https:\/\/www.cfea.com\/fr\/wp-json\/wp\/v2\/types\/page"}],"author":[{"embeddable":true,"href":"https:\/\/www.cfea.com\/fr\/wp-json\/wp\/v2\/users\/1"}],"replies":[{"embeddable":true,"href":"https:\/\/www.cfea.com\/fr\/wp-json\/wp\/v2\/comments?post=141"}],"version-history":[{"count":5,"href":"https:\/\/www.cfea.com\/fr\/wp-json\/wp\/v2\/pages\/141\/revisions"}],"predecessor-version":[{"id":168172,"href":"https:\/\/www.cfea.com\/fr\/wp-json\/wp\/v2\/pages\/141\/revisions\/168172"}],"wp:featuredmedia":[{"embeddable":true,"href":"https:\/\/www.cfea.com\/fr\/wp-json\/wp\/v2\/media\/161894"}],"wp:attachment":[{"href":"https:\/\/www.cfea.com\/fr\/wp-json\/wp\/v2\/media?parent=141"}],"curies":[{"name":"wp","href":"https:\/\/api.w.org\/{rel}","templated":true}]}}